{"id":507,"date":"2019-03-27T10:38:00","date_gmt":"2019-03-27T10:38:00","guid":{"rendered":"http:\/\/www.apollonia.gr\/homepage\/"},"modified":"2023-07-07T13:13:44","modified_gmt":"2023-07-07T10:13:44","slug":"homepage","status":"publish","type":"page","link":"https:\/\/apollonia.gr\/de\/","title":{"rendered":"Startseite"},"content":{"rendered":"","protected":false},"excerpt":{"rendered":"","protected":false},"author":1,"featured_media":776,"parent":0,"menu_order":0,"comment_status":"closed","ping_status":"closed","template":"templates\/homepage.php","meta":{"footnotes":""},"yoast_head":"<!-- This site is optimized with the Yoast SEO plugin v22.5 - https:\/\/yoast.com\/wordpress\/plugins\/seo\/ -->\n<title>Willkommen in unserem Hotel | Apollonia Beach Resort &amp; Spa<\/title>\n<meta name=\"description\" content=\"Das Hotel Apollonia Beach Resort &amp; Spa ist mit 336 Zimmern, Bungalows und Suiten ausgestattet, verteilt auf das f\u00fcnfst\u00f6ckige Hauptgeb\u00e4ude.\" \/>\n<meta name=\"robots\" content=\"index, follow, max-snippet:-1, max-image-preview:large, max-video-preview:-1\" \/>\n<link rel=\"canonical\" href=\"https:\/\/apollonia.gr\/de\/\" \/>\n<meta property=\"og:locale\" content=\"de_DE\" \/>\n<meta property=\"og:type\" content=\"article\" \/>\n<meta property=\"og:title\" content=\"Willkommen in unserem Hotel | Apollonia Beach Resort &amp; Spa\" \/>\n<meta property=\"og:description\" content=\"Das Hotel Apollonia Beach Resort &amp; Spa ist mit 336 Zimmern, Bungalows und Suiten ausgestattet, verteilt auf das f\u00fcnfst\u00f6ckige Hauptgeb\u00e4ude.\" \/>\n<meta property=\"og:url\" content=\"https:\/\/apollonia.gr\/de\/\" \/>\n<meta property=\"og:site_name\" content=\"APOLLONIA RESORT &amp; SPA\" \/>\n<meta property=\"article:modified_time\" content=\"2023-07-07T10:13:44+00:00\" \/>\n<meta property=\"og:image\" content=\"https:\/\/apollonia.gr\/wp-content\/uploads\/2019\/04\/apollonia-hotel-homepage-slideshow-01.jpg\" \/>\n\t<meta property=\"og:image:width\" content=\"1920\" \/>\n\t<meta property=\"og:image:height\" content=\"980\" \/>\n\t<meta property=\"og:image:type\" content=\"image\/jpeg\" \/>\n<meta name=\"twitter:card\" content=\"summary_large_image\" \/>\n<script type=\"application\/ld+json\" class=\"yoast-schema-graph\">{\"@context\":\"https:\/\/schema.org\",\"@graph\":[{\"@type\":\"WebPage\",\"@id\":\"https:\/\/apollonia.gr\/de\/\",\"url\":\"https:\/\/apollonia.gr\/de\/\",\"name\":\"Willkommen in unserem Hotel | Apollonia Beach Resort & Spa\",\"isPartOf\":{\"@id\":\"https:\/\/apollonia.gr\/#website\"},\"primaryImageOfPage\":{\"@id\":\"https:\/\/apollonia.gr\/de\/#primaryimage\"},\"image\":{\"@id\":\"https:\/\/apollonia.gr\/de\/#primaryimage\"},\"thumbnailUrl\":\"https:\/\/apollonia.gr\/wp-content\/uploads\/2019\/04\/apollonia-hotel-homepage-slideshow-01.jpg\",\"datePublished\":\"2019-03-27T10:38:00+00:00\",\"dateModified\":\"2023-07-07T10:13:44+00:00\",\"description\":\"Das Hotel Apollonia Beach Resort & Spa ist mit 336 Zimmern, Bungalows und Suiten ausgestattet, verteilt auf das f\u00fcnfst\u00f6ckige Hauptgeb\u00e4ude.\",\"breadcrumb\":{\"@id\":\"https:\/\/apollonia.gr\/de\/#breadcrumb\"},\"inLanguage\":\"de\",\"potentialAction\":[{\"@type\":\"ReadAction\",\"target\":[\"https:\/\/apollonia.gr\/de\/\"]}]},{\"@type\":\"ImageObject\",\"inLanguage\":\"de\",\"@id\":\"https:\/\/apollonia.gr\/de\/#primaryimage\",\"url\":\"https:\/\/apollonia.gr\/wp-content\/uploads\/2019\/04\/apollonia-hotel-homepage-slideshow-01.jpg\",\"contentUrl\":\"https:\/\/apollonia.gr\/wp-content\/uploads\/2019\/04\/apollonia-hotel-homepage-slideshow-01.jpg\",\"width\":1920,\"height\":980,\"caption\":\"Apollonia Beach Resort and Spa\"},{\"@type\":\"BreadcrumbList\",\"@id\":\"https:\/\/apollonia.gr\/de\/#breadcrumb\",\"itemListElement\":[{\"@type\":\"ListItem\",\"position\":1,\"name\":\"Home\",\"item\":\"https:\/\/apollonia.gr\/de\/\"},{\"@type\":\"ListItem\",\"position\":2,\"name\":\"Startseite\"}]},{\"@type\":\"WebSite\",\"@id\":\"https:\/\/apollonia.gr\/#website\",\"url\":\"https:\/\/apollonia.gr\/\",\"name\":\"APOLLONIA RESORT &amp; SPA\",\"description\":\"\",\"publisher\":{\"@id\":\"https:\/\/apollonia.gr\/#organization\"},\"potentialAction\":[{\"@type\":\"SearchAction\",\"target\":{\"@type\":\"EntryPoint\",\"urlTemplate\":\"https:\/\/apollonia.gr\/?s={search_term_string}\"},\"query-input\":\"required name=search_term_string\"}],\"inLanguage\":\"de\"},{\"@type\":\"Organization\",\"@id\":\"https:\/\/apollonia.gr\/#organization\",\"name\":\"Apollonia Beach resort & Spa\",\"url\":\"https:\/\/apollonia.gr\/\",\"logo\":{\"@type\":\"ImageObject\",\"inLanguage\":\"de\",\"@id\":\"https:\/\/apollonia.gr\/#\/schema\/logo\/image\/\",\"url\":\"https:\/\/apollonia.gr\/wp-content\/uploads\/2019\/04\/apollonia-beach-resort-spa-logo.png\",\"contentUrl\":\"https:\/\/apollonia.gr\/wp-content\/uploads\/2019\/04\/apollonia-beach-resort-spa-logo.png\",\"width\":265,\"height\":153,\"caption\":\"Apollonia Beach resort & Spa\"},\"image\":{\"@id\":\"https:\/\/apollonia.gr\/#\/schema\/logo\/image\/\"}}]}<\/script>\n<!-- \/ Yoast SEO plugin. -->","yoast_head_json":{"title":"Willkommen in unserem Hotel | Apollonia Beach Resort & Spa","description":"Das Hotel Apollonia Beach Resort & Spa ist mit 336 Zimmern, Bungalows und Suiten ausgestattet, verteilt auf das f\u00fcnfst\u00f6ckige Hauptgeb\u00e4ude.","robots":{"index":"index","follow":"follow","max-snippet":"max-snippet:-1","max-image-preview":"max-image-preview:large","max-video-preview":"max-video-preview:-1"},"canonical":"https:\/\/apollonia.gr\/de\/","og_locale":"de_DE","og_type":"article","og_title":"Willkommen in unserem Hotel | Apollonia Beach Resort & Spa","og_description":"Das Hotel Apollonia Beach Resort & Spa ist mit 336 Zimmern, Bungalows und Suiten ausgestattet, verteilt auf das f\u00fcnfst\u00f6ckige Hauptgeb\u00e4ude.","og_url":"https:\/\/apollonia.gr\/de\/","og_site_name":"APOLLONIA RESORT &amp; SPA","article_modified_time":"2023-07-07T10:13:44+00:00","og_image":[{"width":1920,"height":980,"url":"https:\/\/apollonia.gr\/wp-content\/uploads\/2019\/04\/apollonia-hotel-homepage-slideshow-01.jpg","type":"image\/jpeg"}],"twitter_card":"summary_large_image","schema":{"@context":"https:\/\/schema.org","@graph":[{"@type":"WebPage","@id":"https:\/\/apollonia.gr\/de\/","url":"https:\/\/apollonia.gr\/de\/","name":"Willkommen in unserem Hotel | Apollonia Beach Resort & Spa","isPartOf":{"@id":"https:\/\/apollonia.gr\/#website"},"primaryImageOfPage":{"@id":"https:\/\/apollonia.gr\/de\/#primaryimage"},"image":{"@id":"https:\/\/apollonia.gr\/de\/#primaryimage"},"thumbnailUrl":"https:\/\/apollonia.gr\/wp-content\/uploads\/2019\/04\/apollonia-hotel-homepage-slideshow-01.jpg","datePublished":"2019-03-27T10:38:00+00:00","dateModified":"2023-07-07T10:13:44+00:00","description":"Das Hotel Apollonia Beach Resort & Spa ist mit 336 Zimmern, Bungalows und Suiten ausgestattet, verteilt auf das f\u00fcnfst\u00f6ckige Hauptgeb\u00e4ude.","breadcrumb":{"@id":"https:\/\/apollonia.gr\/de\/#breadcrumb"},"inLanguage":"de","potentialAction":[{"@type":"ReadAction","target":["https:\/\/apollonia.gr\/de\/"]}]},{"@type":"ImageObject","inLanguage":"de","@id":"https:\/\/apollonia.gr\/de\/#primaryimage","url":"https:\/\/apollonia.gr\/wp-content\/uploads\/2019\/04\/apollonia-hotel-homepage-slideshow-01.jpg","contentUrl":"https:\/\/apollonia.gr\/wp-content\/uploads\/2019\/04\/apollonia-hotel-homepage-slideshow-01.jpg","width":1920,"height":980,"caption":"Apollonia Beach Resort and Spa"},{"@type":"BreadcrumbList","@id":"https:\/\/apollonia.gr\/de\/#breadcrumb","itemListElement":[{"@type":"ListItem","position":1,"name":"Home","item":"https:\/\/apollonia.gr\/de\/"},{"@type":"ListItem","position":2,"name":"Startseite"}]},{"@type":"WebSite","@id":"https:\/\/apollonia.gr\/#website","url":"https:\/\/apollonia.gr\/","name":"APOLLONIA RESORT &amp; SPA","description":"","publisher":{"@id":"https:\/\/apollonia.gr\/#organization"},"potentialAction":[{"@type":"SearchAction","target":{"@type":"EntryPoint","urlTemplate":"https:\/\/apollonia.gr\/?s={search_term_string}"},"query-input":"required name=search_term_string"}],"inLanguage":"de"},{"@type":"Organization","@id":"https:\/\/apollonia.gr\/#organization","name":"Apollonia Beach resort & Spa","url":"https:\/\/apollonia.gr\/","logo":{"@type":"ImageObject","inLanguage":"de","@id":"https:\/\/apollonia.gr\/#\/schema\/logo\/image\/","url":"https:\/\/apollonia.gr\/wp-content\/uploads\/2019\/04\/apollonia-beach-resort-spa-logo.png","contentUrl":"https:\/\/apollonia.gr\/wp-content\/uploads\/2019\/04\/apollonia-beach-resort-spa-logo.png","width":265,"height":153,"caption":"Apollonia Beach resort & Spa"},"image":{"@id":"https:\/\/apollonia.gr\/#\/schema\/logo\/image\/"}}]}},"_links":{"self":[{"href":"https:\/\/apollonia.gr\/de\/wp-json\/wp\/v2\/pages\/507"}],"collection":[{"href":"https:\/\/apollonia.gr\/de\/wp-json\/wp\/v2\/pages"}],"about":[{"href":"https:\/\/apollonia.gr\/de\/wp-json\/wp\/v2\/types\/page"}],"author":[{"embeddable":true,"href":"https:\/\/apollonia.gr\/de\/wp-json\/wp\/v2\/users\/1"}],"replies":[{"embeddable":true,"href":"https:\/\/apollonia.gr\/de\/wp-json\/wp\/v2\/comments?post=507"}],"version-history":[{"count":17,"href":"https:\/\/apollonia.gr\/de\/wp-json\/wp\/v2\/pages\/507\/revisions"}],"predecessor-version":[{"id":3521,"href":"https:\/\/apollonia.gr\/de\/wp-json\/wp\/v2\/pages\/507\/revisions\/3521"}],"wp:featuredmedia":[{"embeddable":true,"href":"https:\/\/apollonia.gr\/de\/wp-json\/wp\/v2\/media\/776"}],"wp:attachment":[{"href":"https:\/\/apollonia.gr\/de\/wp-json\/wp\/v2\/media?parent=507"}],"curies":[{"name":"wp","href":"https:\/\/api.w.org\/{rel}","templated":true}]}}