{"id":693,"date":"2019-03-27T11:06:32","date_gmt":"2019-03-27T11:06:32","guid":{"rendered":"http:\/\/www.apollonia.gr\/accommodation\/"},"modified":"2025-08-06T12:31:10","modified_gmt":"2025-08-06T09:31:10","slug":"accommodation","status":"publish","type":"page","link":"https:\/\/apollonia.gr\/de\/accommodation\/","title":{"rendered":"Zimmer"},"content":{"rendered":"<p>Das Apollonia Beach Resort &amp; Spa ist ein charmantes, klassisches Juwel an der K\u00fcste Kretas und bietet vielseitige Unterkunftsm\u00f6glichkeiten f\u00fcr jeden, vom Einzelreisenden bis zum gro\u00dfen Firmentreffen. Unsere Zimmer bewahren eine zeitlose Eleganz und bieten einen komfortablen R\u00fcckzugsort f\u00fcr einen wundersch\u00f6nen und ruhigen Urlaub.<\/p>\n<p>Dar\u00fcber hinaus bietet unser Hotel speziell ausgestattete Zimmer, um den Zugang und die Nutzung f\u00fcr behinderte G\u00e4ste zu optimieren und einen angenehmen Aufenthalt zu erm\u00f6glichen. Kontaktieren Sie uns unter <a href=\"mailto:reservations@apollonia.gr\">reservations@apollonia.gr<\/a>, falls Sie Informationen zur Barrierefreiheit ben\u00f6tigen.<\/p>\n","protected":false},"excerpt":{"rendered":"<p>Das Apollonia Beach Resort &amp; Spa ist ein charmantes, klassisches Juwel an der K\u00fcste Kretas und bietet vielseitige Unterkunftsm\u00f6glichkeiten f\u00fcr jeden, vom Einzelreisenden bis zum gro\u00dfen Firmentreffen. Unsere Zimmer bewahren eine zeitlose Eleganz und bieten einen komfortablen R\u00fcckzugsort f\u00fcr einen wundersch\u00f6nen und ruhigen Urlaub. Dar\u00fcber hinaus bietet unser Hotel speziell ausgestattete Zimmer, um den Zugang [&hellip;]<\/p>\n","protected":false},"author":1,"featured_media":2843,"parent":0,"menu_order":0,"comment_status":"closed","ping_status":"closed","template":"templates\/accomodation.php","meta":{"footnotes":""},"yoast_head":"<!-- This site is optimized with the Yoast SEO plugin v22.5 - https:\/\/yoast.com\/wordpress\/plugins\/seo\/ -->\n<title>Zimmer | APOLLONIA RESORT &amp; SPA<\/title>\n<meta name=\"robots\" content=\"index, follow, max-snippet:-1, max-image-preview:large, max-video-preview:-1\" \/>\n<link rel=\"canonical\" href=\"https:\/\/apollonia.gr\/de\/accommodation\/\" \/>\n<meta property=\"og:locale\" content=\"de_DE\" \/>\n<meta property=\"og:type\" content=\"article\" \/>\n<meta property=\"og:title\" content=\"Zimmer | APOLLONIA RESORT &amp; SPA\" \/>\n<meta property=\"og:description\" content=\"Das Apollonia Beach Resort &amp; Spa ist ein charmantes, klassisches Juwel an der K\u00fcste Kretas und bietet vielseitige Unterkunftsm\u00f6glichkeiten f\u00fcr jeden, vom Einzelreisenden bis zum gro\u00dfen Firmentreffen. Unsere Zimmer bewahren eine zeitlose Eleganz und bieten einen komfortablen R\u00fcckzugsort f\u00fcr einen wundersch\u00f6nen und ruhigen Urlaub. Dar\u00fcber hinaus bietet unser Hotel speziell ausgestattete Zimmer, um den Zugang [&hellip;]\" \/>\n<meta property=\"og:url\" content=\"https:\/\/apollonia.gr\/de\/accommodation\/\" \/>\n<meta property=\"og:site_name\" content=\"APOLLONIA RESORT &amp; SPA\" \/>\n<meta property=\"article:modified_time\" content=\"2025-08-06T09:31:10+00:00\" \/>\n<meta property=\"og:image\" content=\"https:\/\/apollonia.gr\/wp-content\/uploads\/2022\/05\/Suite-Balcony-5-scaled.jpg\" \/>\n\t<meta property=\"og:image:width\" content=\"2560\" \/>\n\t<meta property=\"og:image:height\" content=\"1589\" \/>\n\t<meta property=\"og:image:type\" content=\"image\/jpeg\" \/>\n<meta name=\"twitter:card\" content=\"summary_large_image\" \/>\n<meta name=\"twitter:label1\" content=\"Gesch\u00e4tzte Lesezeit\" \/>\n\t<meta name=\"twitter:data1\" content=\"1\u00a0Minute\" \/>\n<script type=\"application\/ld+json\" class=\"yoast-schema-graph\">{\"@context\":\"https:\/\/schema.org\",\"@graph\":[{\"@type\":\"WebPage\",\"@id\":\"https:\/\/apollonia.gr\/de\/accommodation\/\",\"url\":\"https:\/\/apollonia.gr\/de\/accommodation\/\",\"name\":\"Zimmer | APOLLONIA RESORT &amp; SPA\",\"isPartOf\":{\"@id\":\"https:\/\/apollonia.gr\/#website\"},\"primaryImageOfPage\":{\"@id\":\"https:\/\/apollonia.gr\/de\/accommodation\/#primaryimage\"},\"image\":{\"@id\":\"https:\/\/apollonia.gr\/de\/accommodation\/#primaryimage\"},\"thumbnailUrl\":\"https:\/\/apollonia.gr\/wp-content\/uploads\/2022\/05\/Suite-Balcony-5-scaled.jpg\",\"datePublished\":\"2019-03-27T11:06:32+00:00\",\"dateModified\":\"2025-08-06T09:31:10+00:00\",\"breadcrumb\":{\"@id\":\"https:\/\/apollonia.gr\/de\/accommodation\/#breadcrumb\"},\"inLanguage\":\"de\",\"potentialAction\":[{\"@type\":\"ReadAction\",\"target\":[\"https:\/\/apollonia.gr\/de\/accommodation\/\"]}]},{\"@type\":\"ImageObject\",\"inLanguage\":\"de\",\"@id\":\"https:\/\/apollonia.gr\/de\/accommodation\/#primaryimage\",\"url\":\"https:\/\/apollonia.gr\/wp-content\/uploads\/2022\/05\/Suite-Balcony-5-scaled.jpg\",\"contentUrl\":\"https:\/\/apollonia.gr\/wp-content\/uploads\/2022\/05\/Suite-Balcony-5-scaled.jpg\",\"width\":2560,\"height\":1589},{\"@type\":\"BreadcrumbList\",\"@id\":\"https:\/\/apollonia.gr\/de\/accommodation\/#breadcrumb\",\"itemListElement\":[{\"@type\":\"ListItem\",\"position\":1,\"name\":\"Home\",\"item\":\"https:\/\/apollonia.gr\/de\/\"},{\"@type\":\"ListItem\",\"position\":2,\"name\":\"Zimmer\"}]},{\"@type\":\"WebSite\",\"@id\":\"https:\/\/apollonia.gr\/#website\",\"url\":\"https:\/\/apollonia.gr\/\",\"name\":\"APOLLONIA RESORT &amp; SPA\",\"description\":\"\",\"publisher\":{\"@id\":\"https:\/\/apollonia.gr\/#organization\"},\"potentialAction\":[{\"@type\":\"SearchAction\",\"target\":{\"@type\":\"EntryPoint\",\"urlTemplate\":\"https:\/\/apollonia.gr\/?s={search_term_string}\"},\"query-input\":\"required name=search_term_string\"}],\"inLanguage\":\"de\"},{\"@type\":\"Organization\",\"@id\":\"https:\/\/apollonia.gr\/#organization\",\"name\":\"Apollonia Beach resort & Spa\",\"url\":\"https:\/\/apollonia.gr\/\",\"logo\":{\"@type\":\"ImageObject\",\"inLanguage\":\"de\",\"@id\":\"https:\/\/apollonia.gr\/#\/schema\/logo\/image\/\",\"url\":\"https:\/\/apollonia.gr\/wp-content\/uploads\/2019\/04\/apollonia-beach-resort-spa-logo.png\",\"contentUrl\":\"https:\/\/apollonia.gr\/wp-content\/uploads\/2019\/04\/apollonia-beach-resort-spa-logo.png\",\"width\":265,\"height\":153,\"caption\":\"Apollonia Beach resort & Spa\"},\"image\":{\"@id\":\"https:\/\/apollonia.gr\/#\/schema\/logo\/image\/\"}}]}<\/script>\n<!-- \/ Yoast SEO plugin. -->","yoast_head_json":{"title":"Zimmer | APOLLONIA RESORT &amp; SPA","robots":{"index":"index","follow":"follow","max-snippet":"max-snippet:-1","max-image-preview":"max-image-preview:large","max-video-preview":"max-video-preview:-1"},"canonical":"https:\/\/apollonia.gr\/de\/accommodation\/","og_locale":"de_DE","og_type":"article","og_title":"Zimmer | APOLLONIA RESORT &amp; SPA","og_description":"Das Apollonia Beach Resort &amp; Spa ist ein charmantes, klassisches Juwel an der K\u00fcste Kretas und bietet vielseitige Unterkunftsm\u00f6glichkeiten f\u00fcr jeden, vom Einzelreisenden bis zum gro\u00dfen Firmentreffen. Unsere Zimmer bewahren eine zeitlose Eleganz und bieten einen komfortablen R\u00fcckzugsort f\u00fcr einen wundersch\u00f6nen und ruhigen Urlaub. Dar\u00fcber hinaus bietet unser Hotel speziell ausgestattete Zimmer, um den Zugang [&hellip;]","og_url":"https:\/\/apollonia.gr\/de\/accommodation\/","og_site_name":"APOLLONIA RESORT &amp; SPA","article_modified_time":"2025-08-06T09:31:10+00:00","og_image":[{"width":2560,"height":1589,"url":"https:\/\/apollonia.gr\/wp-content\/uploads\/2022\/05\/Suite-Balcony-5-scaled.jpg","type":"image\/jpeg"}],"twitter_card":"summary_large_image","twitter_misc":{"Gesch\u00e4tzte Lesezeit":"1\u00a0Minute"},"schema":{"@context":"https:\/\/schema.org","@graph":[{"@type":"WebPage","@id":"https:\/\/apollonia.gr\/de\/accommodation\/","url":"https:\/\/apollonia.gr\/de\/accommodation\/","name":"Zimmer | APOLLONIA RESORT &amp; SPA","isPartOf":{"@id":"https:\/\/apollonia.gr\/#website"},"primaryImageOfPage":{"@id":"https:\/\/apollonia.gr\/de\/accommodation\/#primaryimage"},"image":{"@id":"https:\/\/apollonia.gr\/de\/accommodation\/#primaryimage"},"thumbnailUrl":"https:\/\/apollonia.gr\/wp-content\/uploads\/2022\/05\/Suite-Balcony-5-scaled.jpg","datePublished":"2019-03-27T11:06:32+00:00","dateModified":"2025-08-06T09:31:10+00:00","breadcrumb":{"@id":"https:\/\/apollonia.gr\/de\/accommodation\/#breadcrumb"},"inLanguage":"de","potentialAction":[{"@type":"ReadAction","target":["https:\/\/apollonia.gr\/de\/accommodation\/"]}]},{"@type":"ImageObject","inLanguage":"de","@id":"https:\/\/apollonia.gr\/de\/accommodation\/#primaryimage","url":"https:\/\/apollonia.gr\/wp-content\/uploads\/2022\/05\/Suite-Balcony-5-scaled.jpg","contentUrl":"https:\/\/apollonia.gr\/wp-content\/uploads\/2022\/05\/Suite-Balcony-5-scaled.jpg","width":2560,"height":1589},{"@type":"BreadcrumbList","@id":"https:\/\/apollonia.gr\/de\/accommodation\/#breadcrumb","itemListElement":[{"@type":"ListItem","position":1,"name":"Home","item":"https:\/\/apollonia.gr\/de\/"},{"@type":"ListItem","position":2,"name":"Zimmer"}]},{"@type":"WebSite","@id":"https:\/\/apollonia.gr\/#website","url":"https:\/\/apollonia.gr\/","name":"APOLLONIA RESORT &amp; SPA","description":"","publisher":{"@id":"https:\/\/apollonia.gr\/#organization"},"potentialAction":[{"@type":"SearchAction","target":{"@type":"EntryPoint","urlTemplate":"https:\/\/apollonia.gr\/?s={search_term_string}"},"query-input":"required name=search_term_string"}],"inLanguage":"de"},{"@type":"Organization","@id":"https:\/\/apollonia.gr\/#organization","name":"Apollonia Beach resort & Spa","url":"https:\/\/apollonia.gr\/","logo":{"@type":"ImageObject","inLanguage":"de","@id":"https:\/\/apollonia.gr\/#\/schema\/logo\/image\/","url":"https:\/\/apollonia.gr\/wp-content\/uploads\/2019\/04\/apollonia-beach-resort-spa-logo.png","contentUrl":"https:\/\/apollonia.gr\/wp-content\/uploads\/2019\/04\/apollonia-beach-resort-spa-logo.png","width":265,"height":153,"caption":"Apollonia Beach resort & Spa"},"image":{"@id":"https:\/\/apollonia.gr\/#\/schema\/logo\/image\/"}}]}},"_links":{"self":[{"href":"https:\/\/apollonia.gr\/de\/wp-json\/wp\/v2\/pages\/693"}],"collection":[{"href":"https:\/\/apollonia.gr\/de\/wp-json\/wp\/v2\/pages"}],"about":[{"href":"https:\/\/apollonia.gr\/de\/wp-json\/wp\/v2\/types\/page"}],"author":[{"embeddable":true,"href":"https:\/\/apollonia.gr\/de\/wp-json\/wp\/v2\/users\/1"}],"replies":[{"embeddable":true,"href":"https:\/\/apollonia.gr\/de\/wp-json\/wp\/v2\/comments?post=693"}],"version-history":[{"count":13,"href":"https:\/\/apollonia.gr\/de\/wp-json\/wp\/v2\/pages\/693\/revisions"}],"predecessor-version":[{"id":3677,"href":"https:\/\/apollonia.gr\/de\/wp-json\/wp\/v2\/pages\/693\/revisions\/3677"}],"wp:featuredmedia":[{"embeddable":true,"href":"https:\/\/apollonia.gr\/de\/wp-json\/wp\/v2\/media\/2843"}],"wp:attachment":[{"href":"https:\/\/apollonia.gr\/de\/wp-json\/wp\/v2\/media?parent=693"}],"curies":[{"name":"wp","href":"https:\/\/api.w.org\/{rel}","templated":true}]}}