{"id":718,"date":"2019-03-27T06:55:21","date_gmt":"2019-03-27T06:55:21","guid":{"rendered":"http:\/\/www.apollonia.gr\/hotel\/"},"modified":"2024-07-10T15:40:38","modified_gmt":"2024-07-10T12:40:38","slug":"hotel","status":"publish","type":"page","link":"https:\/\/apollonia.gr\/de\/hotel\/","title":{"rendered":"Das Hotel"},"content":{"rendered":"<p>Das Hotel Apollonia Beach Resort &amp; Spa ist mit 336 <a href=\"https:\/\/apollonia.gr\/de\/accommodation\/standard-doppelzimmer\/\" target=\"_blank\" rel=\"noopener\">Zimmern<\/a>, <a href=\"https:\/\/apollonia.gr\/de\/accommodation\/bungalow-bild-rechts-ist-wohnbeispiel\/\" target=\"_blank\" rel=\"noopener\">Bungalows<\/a> und <a href=\"https:\/\/apollonia.gr\/de\/accommodation\/suite\/\" target=\"_blank\" rel=\"noopener\">Suiten<\/a> ausgestattet, verteilt auf das f\u00fcnfst\u00f6ckige Hauptgeb\u00e4ude und drei Bungalow-Komplexe. Es bietet allen n\u00f6tigen Komfort f\u00fcr einen angenehmen Unterbringung und unverge\u00dflichen Urlaub.<\/p>\n<p><iframe loading=\"lazy\" title=\"Sunset dreams at hotel Apollonia Beach Resort &amp; Spa\" width=\"500\" height=\"281\" src=\"https:\/\/www.youtube.com\/embed\/1jP5NjKtDbk?feature=oembed\" frameborder=\"0\" allow=\"accelerometer; autoplay; clipboard-write; encrypted-media; gyroscope; picture-in-picture; web-share\" referrerpolicy=\"strict-origin-when-cross-origin\" allowfullscreen><\/iframe><\/p>\n<p>Das Hotel bietet seinen G\u00e4sten eine vielseitige <a href=\"https:\/\/apollonia.gr\/de\/facilities\/\" target=\"_blank\" rel=\"noopener\">Ausstattung<\/a>, den Tag mit sportlichen Aktivit\u00e4ten und unterhaltsamen Programmen zu verbringen. In unserer \u00fcppigen Parkanlage finden Sie Ruhe und Entspannung, oder verbringen Sie den Tag an unserer gro\u00dfen Poolanlage und am Strand mit verschiedenen Wassersportarten. Zus\u00e4tzlich bietet Ihnen unser Spa mit seinem professionellen Team luxuri\u00f6se Programme zum Entspannen und Verw\u00f6hnen.<\/p>\n<p>In unserem <a href=\"https:\/\/apollonia.gr\/de\/restaurants\/\" target=\"_blank\" rel=\"noopener\">Hauptrestaurant<\/a> finden Sie eine gro\u00dfe Auswahl an kulinarischen Gen\u00fcssen, griechische Spezialit\u00e4ten und frisch zubereitete Tagesgerichte oder Sie genie\u00dfen einen Abend in einem unserer <a href=\"https:\/\/apollonia.gr\/de\/a-la-carte\/\" target=\"_blank\" rel=\"noopener\">drei a-la-carte Restaurants<\/a> mit traditionellen und modernen griechischen Spezialit\u00e4ten, italienischen oder veganen Speisen.<\/p>\n<p><em><span class=\"tlid-translation translation\" lang=\"de\"><span class=\"\" title=\"\">HINWEIS: In einigen F\u00e4llen gelten Einschr\u00e4nkungen und \/ oder \u00c4nderungen in Bezug auf Tag und Uhrzeit oder werden nur in der Hauptsaison angeboten.<\/span><\/span><\/em><\/p>\n","protected":false},"excerpt":{"rendered":"<p>Das Hotel Apollonia Beach Resort &amp; Spa ist mit 336 Zimmern, Bungalows und Suiten ausgestattet, verteilt auf das f\u00fcnfst\u00f6ckige Hauptgeb\u00e4ude und drei Bungalow-Komplexe. Es bietet allen n\u00f6tigen Komfort f\u00fcr einen angenehmen Unterbringung und unverge\u00dflichen Urlaub. Das Hotel bietet seinen G\u00e4sten eine vielseitige Ausstattung, den Tag mit sportlichen Aktivit\u00e4ten und unterhaltsamen Programmen zu verbringen. In unserer [&hellip;]<\/p>\n","protected":false},"author":1,"featured_media":2872,"parent":0,"menu_order":0,"comment_status":"closed","ping_status":"closed","template":"templates\/hotel.php","meta":{"footnotes":""},"yoast_head":"<!-- This site is optimized with the Yoast SEO plugin v22.5 - https:\/\/yoast.com\/wordpress\/plugins\/seo\/ -->\n<title>Das Hotel | APOLLONIA RESORT &amp; SPA<\/title>\n<meta name=\"robots\" content=\"index, follow, max-snippet:-1, max-image-preview:large, max-video-preview:-1\" \/>\n<link rel=\"canonical\" href=\"https:\/\/apollonia.gr\/de\/hotel\/\" \/>\n<meta property=\"og:locale\" content=\"de_DE\" \/>\n<meta property=\"og:type\" content=\"article\" \/>\n<meta property=\"og:title\" content=\"Das Hotel | APOLLONIA RESORT &amp; SPA\" \/>\n<meta property=\"og:description\" content=\"Das Hotel Apollonia Beach Resort &amp; Spa ist mit 336 Zimmern, Bungalows und Suiten ausgestattet, verteilt auf das f\u00fcnfst\u00f6ckige Hauptgeb\u00e4ude und drei Bungalow-Komplexe. Es bietet allen n\u00f6tigen Komfort f\u00fcr einen angenehmen Unterbringung und unverge\u00dflichen Urlaub. Das Hotel bietet seinen G\u00e4sten eine vielseitige Ausstattung, den Tag mit sportlichen Aktivit\u00e4ten und unterhaltsamen Programmen zu verbringen. In unserer [&hellip;]\" \/>\n<meta property=\"og:url\" content=\"https:\/\/apollonia.gr\/de\/hotel\/\" \/>\n<meta property=\"og:site_name\" content=\"APOLLONIA RESORT &amp; SPA\" \/>\n<meta property=\"article:modified_time\" content=\"2024-07-10T12:40:38+00:00\" \/>\n<meta property=\"og:image\" content=\"https:\/\/apollonia.gr\/wp-content\/uploads\/2022\/05\/Entrance1-2-scaled.jpg\" \/>\n\t<meta property=\"og:image:width\" content=\"2560\" \/>\n\t<meta property=\"og:image:height\" content=\"1898\" \/>\n\t<meta property=\"og:image:type\" content=\"image\/jpeg\" \/>\n<meta name=\"twitter:card\" content=\"summary_large_image\" \/>\n<meta name=\"twitter:label1\" content=\"Gesch\u00e4tzte Lesezeit\" \/>\n\t<meta name=\"twitter:data1\" content=\"1\u00a0Minute\" \/>\n<script type=\"application\/ld+json\" class=\"yoast-schema-graph\">{\"@context\":\"https:\/\/schema.org\",\"@graph\":[{\"@type\":\"WebPage\",\"@id\":\"https:\/\/apollonia.gr\/de\/hotel\/\",\"url\":\"https:\/\/apollonia.gr\/de\/hotel\/\",\"name\":\"Das Hotel | APOLLONIA RESORT &amp; SPA\",\"isPartOf\":{\"@id\":\"https:\/\/apollonia.gr\/#website\"},\"primaryImageOfPage\":{\"@id\":\"https:\/\/apollonia.gr\/de\/hotel\/#primaryimage\"},\"image\":{\"@id\":\"https:\/\/apollonia.gr\/de\/hotel\/#primaryimage\"},\"thumbnailUrl\":\"https:\/\/apollonia.gr\/wp-content\/uploads\/2022\/05\/Entrance1-2-scaled.jpg\",\"datePublished\":\"2019-03-27T06:55:21+00:00\",\"dateModified\":\"2024-07-10T12:40:38+00:00\",\"breadcrumb\":{\"@id\":\"https:\/\/apollonia.gr\/de\/hotel\/#breadcrumb\"},\"inLanguage\":\"de\",\"potentialAction\":[{\"@type\":\"ReadAction\",\"target\":[\"https:\/\/apollonia.gr\/de\/hotel\/\"]}]},{\"@type\":\"ImageObject\",\"inLanguage\":\"de\",\"@id\":\"https:\/\/apollonia.gr\/de\/hotel\/#primaryimage\",\"url\":\"https:\/\/apollonia.gr\/wp-content\/uploads\/2022\/05\/Entrance1-2-scaled.jpg\",\"contentUrl\":\"https:\/\/apollonia.gr\/wp-content\/uploads\/2022\/05\/Entrance1-2-scaled.jpg\",\"width\":2560,\"height\":1898},{\"@type\":\"BreadcrumbList\",\"@id\":\"https:\/\/apollonia.gr\/de\/hotel\/#breadcrumb\",\"itemListElement\":[{\"@type\":\"ListItem\",\"position\":1,\"name\":\"Home\",\"item\":\"https:\/\/apollonia.gr\/de\/\"},{\"@type\":\"ListItem\",\"position\":2,\"name\":\"Das Hotel\"}]},{\"@type\":\"WebSite\",\"@id\":\"https:\/\/apollonia.gr\/#website\",\"url\":\"https:\/\/apollonia.gr\/\",\"name\":\"APOLLONIA RESORT &amp; SPA\",\"description\":\"\",\"publisher\":{\"@id\":\"https:\/\/apollonia.gr\/#organization\"},\"potentialAction\":[{\"@type\":\"SearchAction\",\"target\":{\"@type\":\"EntryPoint\",\"urlTemplate\":\"https:\/\/apollonia.gr\/?s={search_term_string}\"},\"query-input\":\"required name=search_term_string\"}],\"inLanguage\":\"de\"},{\"@type\":\"Organization\",\"@id\":\"https:\/\/apollonia.gr\/#organization\",\"name\":\"Apollonia Beach resort & Spa\",\"url\":\"https:\/\/apollonia.gr\/\",\"logo\":{\"@type\":\"ImageObject\",\"inLanguage\":\"de\",\"@id\":\"https:\/\/apollonia.gr\/#\/schema\/logo\/image\/\",\"url\":\"https:\/\/apollonia.gr\/wp-content\/uploads\/2019\/04\/apollonia-beach-resort-spa-logo.png\",\"contentUrl\":\"https:\/\/apollonia.gr\/wp-content\/uploads\/2019\/04\/apollonia-beach-resort-spa-logo.png\",\"width\":265,\"height\":153,\"caption\":\"Apollonia Beach resort & Spa\"},\"image\":{\"@id\":\"https:\/\/apollonia.gr\/#\/schema\/logo\/image\/\"}}]}<\/script>\n<!-- \/ Yoast SEO plugin. -->","yoast_head_json":{"title":"Das Hotel | APOLLONIA RESORT &amp; SPA","robots":{"index":"index","follow":"follow","max-snippet":"max-snippet:-1","max-image-preview":"max-image-preview:large","max-video-preview":"max-video-preview:-1"},"canonical":"https:\/\/apollonia.gr\/de\/hotel\/","og_locale":"de_DE","og_type":"article","og_title":"Das Hotel | APOLLONIA RESORT &amp; SPA","og_description":"Das Hotel Apollonia Beach Resort &amp; Spa ist mit 336 Zimmern, Bungalows und Suiten ausgestattet, verteilt auf das f\u00fcnfst\u00f6ckige Hauptgeb\u00e4ude und drei Bungalow-Komplexe. Es bietet allen n\u00f6tigen Komfort f\u00fcr einen angenehmen Unterbringung und unverge\u00dflichen Urlaub. Das Hotel bietet seinen G\u00e4sten eine vielseitige Ausstattung, den Tag mit sportlichen Aktivit\u00e4ten und unterhaltsamen Programmen zu verbringen. In unserer [&hellip;]","og_url":"https:\/\/apollonia.gr\/de\/hotel\/","og_site_name":"APOLLONIA RESORT &amp; SPA","article_modified_time":"2024-07-10T12:40:38+00:00","og_image":[{"width":2560,"height":1898,"url":"https:\/\/apollonia.gr\/wp-content\/uploads\/2022\/05\/Entrance1-2-scaled.jpg","type":"image\/jpeg"}],"twitter_card":"summary_large_image","twitter_misc":{"Gesch\u00e4tzte Lesezeit":"1\u00a0Minute"},"schema":{"@context":"https:\/\/schema.org","@graph":[{"@type":"WebPage","@id":"https:\/\/apollonia.gr\/de\/hotel\/","url":"https:\/\/apollonia.gr\/de\/hotel\/","name":"Das Hotel | APOLLONIA RESORT &amp; SPA","isPartOf":{"@id":"https:\/\/apollonia.gr\/#website"},"primaryImageOfPage":{"@id":"https:\/\/apollonia.gr\/de\/hotel\/#primaryimage"},"image":{"@id":"https:\/\/apollonia.gr\/de\/hotel\/#primaryimage"},"thumbnailUrl":"https:\/\/apollonia.gr\/wp-content\/uploads\/2022\/05\/Entrance1-2-scaled.jpg","datePublished":"2019-03-27T06:55:21+00:00","dateModified":"2024-07-10T12:40:38+00:00","breadcrumb":{"@id":"https:\/\/apollonia.gr\/de\/hotel\/#breadcrumb"},"inLanguage":"de","potentialAction":[{"@type":"ReadAction","target":["https:\/\/apollonia.gr\/de\/hotel\/"]}]},{"@type":"ImageObject","inLanguage":"de","@id":"https:\/\/apollonia.gr\/de\/hotel\/#primaryimage","url":"https:\/\/apollonia.gr\/wp-content\/uploads\/2022\/05\/Entrance1-2-scaled.jpg","contentUrl":"https:\/\/apollonia.gr\/wp-content\/uploads\/2022\/05\/Entrance1-2-scaled.jpg","width":2560,"height":1898},{"@type":"BreadcrumbList","@id":"https:\/\/apollonia.gr\/de\/hotel\/#breadcrumb","itemListElement":[{"@type":"ListItem","position":1,"name":"Home","item":"https:\/\/apollonia.gr\/de\/"},{"@type":"ListItem","position":2,"name":"Das Hotel"}]},{"@type":"WebSite","@id":"https:\/\/apollonia.gr\/#website","url":"https:\/\/apollonia.gr\/","name":"APOLLONIA RESORT &amp; SPA","description":"","publisher":{"@id":"https:\/\/apollonia.gr\/#organization"},"potentialAction":[{"@type":"SearchAction","target":{"@type":"EntryPoint","urlTemplate":"https:\/\/apollonia.gr\/?s={search_term_string}"},"query-input":"required name=search_term_string"}],"inLanguage":"de"},{"@type":"Organization","@id":"https:\/\/apollonia.gr\/#organization","name":"Apollonia Beach resort & Spa","url":"https:\/\/apollonia.gr\/","logo":{"@type":"ImageObject","inLanguage":"de","@id":"https:\/\/apollonia.gr\/#\/schema\/logo\/image\/","url":"https:\/\/apollonia.gr\/wp-content\/uploads\/2019\/04\/apollonia-beach-resort-spa-logo.png","contentUrl":"https:\/\/apollonia.gr\/wp-content\/uploads\/2019\/04\/apollonia-beach-resort-spa-logo.png","width":265,"height":153,"caption":"Apollonia Beach resort & Spa"},"image":{"@id":"https:\/\/apollonia.gr\/#\/schema\/logo\/image\/"}}]}},"_links":{"self":[{"href":"https:\/\/apollonia.gr\/de\/wp-json\/wp\/v2\/pages\/718"}],"collection":[{"href":"https:\/\/apollonia.gr\/de\/wp-json\/wp\/v2\/pages"}],"about":[{"href":"https:\/\/apollonia.gr\/de\/wp-json\/wp\/v2\/types\/page"}],"author":[{"embeddable":true,"href":"https:\/\/apollonia.gr\/de\/wp-json\/wp\/v2\/users\/1"}],"replies":[{"embeddable":true,"href":"https:\/\/apollonia.gr\/de\/wp-json\/wp\/v2\/comments?post=718"}],"version-history":[{"count":15,"href":"https:\/\/apollonia.gr\/de\/wp-json\/wp\/v2\/pages\/718\/revisions"}],"predecessor-version":[{"id":3857,"href":"https:\/\/apollonia.gr\/de\/wp-json\/wp\/v2\/pages\/718\/revisions\/3857"}],"wp:featuredmedia":[{"embeddable":true,"href":"https:\/\/apollonia.gr\/de\/wp-json\/wp\/v2\/media\/2872"}],"wp:attachment":[{"href":"https:\/\/apollonia.gr\/de\/wp-json\/wp\/v2\/media?parent=718"}],"curies":[{"name":"wp","href":"https:\/\/api.w.org\/{rel}","templated":true}]}}