{"id":980,"date":"2019-04-18T08:58:11","date_gmt":"2019-04-18T08:58:11","guid":{"rendered":"http:\/\/www.apollonia.gr\/bars\/"},"modified":"2026-04-16T12:46:13","modified_gmt":"2026-04-16T09:46:13","slug":"bars","status":"publish","type":"page","link":"https:\/\/apollonia.gr\/de\/bars\/","title":{"rendered":"Bars"},"content":{"rendered":"<p>Unsere umfangreiche Alles-Inklusive-Karte bietet eine gro\u00dfe Auswahl an lokalen und internationalen Getr\u00e4nken und Cocktails. Sowohl Kaffee, Tee und andere Hei\u00dfgetr\u00e4nke sind den ganzen Tag an unseren Bars erh\u00e4ltlich. Zus\u00e4tzlich rundet unsere umfangreiche Getr\u00e4nkekarte an unserer Lobbybar \u201eAphrodite\u201c das vielf\u00e4ltige Getr\u00e4nkeangebot ab.<\/p>\n<p>F\u00fcr den kleinen Hunger zwischendurch oder f\u00fcr ein schnelles Mittagessen bietet unsere Snackbar eine kleine Auswahl an kalten und warmen Speisen am Pool.<\/p>\n<p>Genie\u00dfen Sie w\u00e4hrend des Abendunterhaltungsprogramms Ihren Drink in der Disco oder unserem Amphitheater \u201eArtemis\u201c.<\/p>\n<p>&nbsp;<\/p>\n<p><em>HINWEIS: Einige Einrichtungen sind wetterabh\u00e4ngig. In einigen F\u00e4llen gelten Einschr\u00e4nkungen und \/ oder \u00c4nderungen in Bezug auf Tag und Uhrzeit oder werden nur in der Hauptsaison angeboten.<\/em><\/p>\n","protected":false},"excerpt":{"rendered":"<p>Unsere umfangreiche Alles-Inklusive-Karte bietet eine gro\u00dfe Auswahl an lokalen und internationalen Getr\u00e4nken und Cocktails. Sowohl Kaffee, Tee und andere Hei\u00dfgetr\u00e4nke sind den ganzen Tag an unseren Bars erh\u00e4ltlich. Zus\u00e4tzlich rundet unsere umfangreiche Getr\u00e4nkekarte an unserer Lobbybar \u201eAphrodite\u201c das vielf\u00e4ltige Getr\u00e4nkeangebot ab. F\u00fcr den kleinen Hunger zwischendurch oder f\u00fcr ein schnelles Mittagessen bietet unsere Snackbar eine [&hellip;]<\/p>\n","protected":false},"author":1,"featured_media":2878,"parent":0,"menu_order":0,"comment_status":"closed","ping_status":"closed","template":"templates\/page_tabs.php","meta":{"footnotes":""},"yoast_head":"<!-- This site is optimized with the Yoast SEO plugin v22.5 - https:\/\/yoast.com\/wordpress\/plugins\/seo\/ -->\n<title>Bars | APOLLONIA RESORT &amp; SPA<\/title>\n<meta name=\"robots\" content=\"index, follow, max-snippet:-1, max-image-preview:large, max-video-preview:-1\" \/>\n<link rel=\"canonical\" href=\"https:\/\/apollonia.gr\/de\/bars\/\" \/>\n<meta property=\"og:locale\" content=\"de_DE\" \/>\n<meta property=\"og:type\" content=\"article\" \/>\n<meta property=\"og:title\" content=\"Bars | APOLLONIA RESORT &amp; SPA\" \/>\n<meta property=\"og:description\" content=\"Unsere umfangreiche Alles-Inklusive-Karte bietet eine gro\u00dfe Auswahl an lokalen und internationalen Getr\u00e4nken und Cocktails. Sowohl Kaffee, Tee und andere Hei\u00dfgetr\u00e4nke sind den ganzen Tag an unseren Bars erh\u00e4ltlich. Zus\u00e4tzlich rundet unsere umfangreiche Getr\u00e4nkekarte an unserer Lobbybar \u201eAphrodite\u201c das vielf\u00e4ltige Getr\u00e4nkeangebot ab. F\u00fcr den kleinen Hunger zwischendurch oder f\u00fcr ein schnelles Mittagessen bietet unsere Snackbar eine [&hellip;]\" \/>\n<meta property=\"og:url\" content=\"https:\/\/apollonia.gr\/de\/bars\/\" \/>\n<meta property=\"og:site_name\" content=\"APOLLONIA RESORT &amp; SPA\" \/>\n<meta property=\"article:modified_time\" content=\"2026-04-16T09:46:13+00:00\" \/>\n<meta property=\"og:image\" content=\"https:\/\/apollonia.gr\/wp-content\/uploads\/2022\/05\/Bar-front-2-scaled.jpg\" \/>\n\t<meta property=\"og:image:width\" content=\"2560\" \/>\n\t<meta property=\"og:image:height\" content=\"1920\" \/>\n\t<meta property=\"og:image:type\" content=\"image\/jpeg\" \/>\n<meta name=\"twitter:card\" content=\"summary_large_image\" \/>\n<meta name=\"twitter:label1\" content=\"Gesch\u00e4tzte Lesezeit\" \/>\n\t<meta name=\"twitter:data1\" content=\"1\u00a0Minute\" \/>\n<script type=\"application\/ld+json\" class=\"yoast-schema-graph\">{\"@context\":\"https:\/\/schema.org\",\"@graph\":[{\"@type\":\"WebPage\",\"@id\":\"https:\/\/apollonia.gr\/de\/bars\/\",\"url\":\"https:\/\/apollonia.gr\/de\/bars\/\",\"name\":\"Bars | APOLLONIA RESORT &amp; SPA\",\"isPartOf\":{\"@id\":\"https:\/\/apollonia.gr\/#website\"},\"primaryImageOfPage\":{\"@id\":\"https:\/\/apollonia.gr\/de\/bars\/#primaryimage\"},\"image\":{\"@id\":\"https:\/\/apollonia.gr\/de\/bars\/#primaryimage\"},\"thumbnailUrl\":\"https:\/\/apollonia.gr\/wp-content\/uploads\/2022\/05\/Bar-front-2-scaled.jpg\",\"datePublished\":\"2019-04-18T08:58:11+00:00\",\"dateModified\":\"2026-04-16T09:46:13+00:00\",\"breadcrumb\":{\"@id\":\"https:\/\/apollonia.gr\/de\/bars\/#breadcrumb\"},\"inLanguage\":\"de\",\"potentialAction\":[{\"@type\":\"ReadAction\",\"target\":[\"https:\/\/apollonia.gr\/de\/bars\/\"]}]},{\"@type\":\"ImageObject\",\"inLanguage\":\"de\",\"@id\":\"https:\/\/apollonia.gr\/de\/bars\/#primaryimage\",\"url\":\"https:\/\/apollonia.gr\/wp-content\/uploads\/2022\/05\/Bar-front-2-scaled.jpg\",\"contentUrl\":\"https:\/\/apollonia.gr\/wp-content\/uploads\/2022\/05\/Bar-front-2-scaled.jpg\",\"width\":2560,\"height\":1920},{\"@type\":\"BreadcrumbList\",\"@id\":\"https:\/\/apollonia.gr\/de\/bars\/#breadcrumb\",\"itemListElement\":[{\"@type\":\"ListItem\",\"position\":1,\"name\":\"Home\",\"item\":\"https:\/\/apollonia.gr\/de\/\"},{\"@type\":\"ListItem\",\"position\":2,\"name\":\"Bars\"}]},{\"@type\":\"WebSite\",\"@id\":\"https:\/\/apollonia.gr\/#website\",\"url\":\"https:\/\/apollonia.gr\/\",\"name\":\"APOLLONIA RESORT &amp; SPA\",\"description\":\"\",\"publisher\":{\"@id\":\"https:\/\/apollonia.gr\/#organization\"},\"potentialAction\":[{\"@type\":\"SearchAction\",\"target\":{\"@type\":\"EntryPoint\",\"urlTemplate\":\"https:\/\/apollonia.gr\/?s={search_term_string}\"},\"query-input\":\"required name=search_term_string\"}],\"inLanguage\":\"de\"},{\"@type\":\"Organization\",\"@id\":\"https:\/\/apollonia.gr\/#organization\",\"name\":\"Apollonia Beach resort & Spa\",\"url\":\"https:\/\/apollonia.gr\/\",\"logo\":{\"@type\":\"ImageObject\",\"inLanguage\":\"de\",\"@id\":\"https:\/\/apollonia.gr\/#\/schema\/logo\/image\/\",\"url\":\"https:\/\/apollonia.gr\/wp-content\/uploads\/2019\/04\/apollonia-beach-resort-spa-logo.png\",\"contentUrl\":\"https:\/\/apollonia.gr\/wp-content\/uploads\/2019\/04\/apollonia-beach-resort-spa-logo.png\",\"width\":265,\"height\":153,\"caption\":\"Apollonia Beach resort & Spa\"},\"image\":{\"@id\":\"https:\/\/apollonia.gr\/#\/schema\/logo\/image\/\"}}]}<\/script>\n<!-- \/ Yoast SEO plugin. -->","yoast_head_json":{"title":"Bars | APOLLONIA RESORT &amp; SPA","robots":{"index":"index","follow":"follow","max-snippet":"max-snippet:-1","max-image-preview":"max-image-preview:large","max-video-preview":"max-video-preview:-1"},"canonical":"https:\/\/apollonia.gr\/de\/bars\/","og_locale":"de_DE","og_type":"article","og_title":"Bars | APOLLONIA RESORT &amp; SPA","og_description":"Unsere umfangreiche Alles-Inklusive-Karte bietet eine gro\u00dfe Auswahl an lokalen und internationalen Getr\u00e4nken und Cocktails. Sowohl Kaffee, Tee und andere Hei\u00dfgetr\u00e4nke sind den ganzen Tag an unseren Bars erh\u00e4ltlich. Zus\u00e4tzlich rundet unsere umfangreiche Getr\u00e4nkekarte an unserer Lobbybar \u201eAphrodite\u201c das vielf\u00e4ltige Getr\u00e4nkeangebot ab. F\u00fcr den kleinen Hunger zwischendurch oder f\u00fcr ein schnelles Mittagessen bietet unsere Snackbar eine [&hellip;]","og_url":"https:\/\/apollonia.gr\/de\/bars\/","og_site_name":"APOLLONIA RESORT &amp; SPA","article_modified_time":"2026-04-16T09:46:13+00:00","og_image":[{"width":2560,"height":1920,"url":"https:\/\/apollonia.gr\/wp-content\/uploads\/2022\/05\/Bar-front-2-scaled.jpg","type":"image\/jpeg"}],"twitter_card":"summary_large_image","twitter_misc":{"Gesch\u00e4tzte Lesezeit":"1\u00a0Minute"},"schema":{"@context":"https:\/\/schema.org","@graph":[{"@type":"WebPage","@id":"https:\/\/apollonia.gr\/de\/bars\/","url":"https:\/\/apollonia.gr\/de\/bars\/","name":"Bars | APOLLONIA RESORT &amp; SPA","isPartOf":{"@id":"https:\/\/apollonia.gr\/#website"},"primaryImageOfPage":{"@id":"https:\/\/apollonia.gr\/de\/bars\/#primaryimage"},"image":{"@id":"https:\/\/apollonia.gr\/de\/bars\/#primaryimage"},"thumbnailUrl":"https:\/\/apollonia.gr\/wp-content\/uploads\/2022\/05\/Bar-front-2-scaled.jpg","datePublished":"2019-04-18T08:58:11+00:00","dateModified":"2026-04-16T09:46:13+00:00","breadcrumb":{"@id":"https:\/\/apollonia.gr\/de\/bars\/#breadcrumb"},"inLanguage":"de","potentialAction":[{"@type":"ReadAction","target":["https:\/\/apollonia.gr\/de\/bars\/"]}]},{"@type":"ImageObject","inLanguage":"de","@id":"https:\/\/apollonia.gr\/de\/bars\/#primaryimage","url":"https:\/\/apollonia.gr\/wp-content\/uploads\/2022\/05\/Bar-front-2-scaled.jpg","contentUrl":"https:\/\/apollonia.gr\/wp-content\/uploads\/2022\/05\/Bar-front-2-scaled.jpg","width":2560,"height":1920},{"@type":"BreadcrumbList","@id":"https:\/\/apollonia.gr\/de\/bars\/#breadcrumb","itemListElement":[{"@type":"ListItem","position":1,"name":"Home","item":"https:\/\/apollonia.gr\/de\/"},{"@type":"ListItem","position":2,"name":"Bars"}]},{"@type":"WebSite","@id":"https:\/\/apollonia.gr\/#website","url":"https:\/\/apollonia.gr\/","name":"APOLLONIA RESORT &amp; SPA","description":"","publisher":{"@id":"https:\/\/apollonia.gr\/#organization"},"potentialAction":[{"@type":"SearchAction","target":{"@type":"EntryPoint","urlTemplate":"https:\/\/apollonia.gr\/?s={search_term_string}"},"query-input":"required name=search_term_string"}],"inLanguage":"de"},{"@type":"Organization","@id":"https:\/\/apollonia.gr\/#organization","name":"Apollonia Beach resort & Spa","url":"https:\/\/apollonia.gr\/","logo":{"@type":"ImageObject","inLanguage":"de","@id":"https:\/\/apollonia.gr\/#\/schema\/logo\/image\/","url":"https:\/\/apollonia.gr\/wp-content\/uploads\/2019\/04\/apollonia-beach-resort-spa-logo.png","contentUrl":"https:\/\/apollonia.gr\/wp-content\/uploads\/2019\/04\/apollonia-beach-resort-spa-logo.png","width":265,"height":153,"caption":"Apollonia Beach resort & Spa"},"image":{"@id":"https:\/\/apollonia.gr\/#\/schema\/logo\/image\/"}}]}},"_links":{"self":[{"href":"https:\/\/apollonia.gr\/de\/wp-json\/wp\/v2\/pages\/980"}],"collection":[{"href":"https:\/\/apollonia.gr\/de\/wp-json\/wp\/v2\/pages"}],"about":[{"href":"https:\/\/apollonia.gr\/de\/wp-json\/wp\/v2\/types\/page"}],"author":[{"embeddable":true,"href":"https:\/\/apollonia.gr\/de\/wp-json\/wp\/v2\/users\/1"}],"replies":[{"embeddable":true,"href":"https:\/\/apollonia.gr\/de\/wp-json\/wp\/v2\/comments?post=980"}],"version-history":[{"count":32,"href":"https:\/\/apollonia.gr\/de\/wp-json\/wp\/v2\/pages\/980\/revisions"}],"predecessor-version":[{"id":4388,"href":"https:\/\/apollonia.gr\/de\/wp-json\/wp\/v2\/pages\/980\/revisions\/4388"}],"wp:featuredmedia":[{"embeddable":true,"href":"https:\/\/apollonia.gr\/de\/wp-json\/wp\/v2\/media\/2878"}],"wp:attachment":[{"href":"https:\/\/apollonia.gr\/de\/wp-json\/wp\/v2\/media?parent=980"}],"curies":[{"name":"wp","href":"https:\/\/api.w.org\/{rel}","templated":true}]}}