{"id":691,"date":"2019-03-27T11:06:32","date_gmt":"2019-03-27T11:06:32","guid":{"rendered":"http:\/\/www.apollonia.gr\/accommodation\/"},"modified":"2025-08-06T12:31:41","modified_gmt":"2025-08-06T09:31:41","slug":"accommodation","status":"publish","type":"page","link":"https:\/\/apollonia.gr\/fr\/accommodation\/","title":{"rendered":"H\u00c9BERGEMENT"},"content":{"rendered":"<p>Joyau charmant et classique sur la c\u00f4te de Cr\u00e8te, Apollonia Beach Resort &amp; Spa propose des options d&rsquo;h\u00e9bergement polyvalentes pour tous, du voyageur individuel aux grands rassemblements d&rsquo;entreprise. Nos chambres conservent une \u00e9l\u00e9gance intemporelle et offrent un refuge confortable pour des vacances merveilleuses et paisibles.<\/p>\n<p>De plus, notre h\u00f4tel propose des chambres sp\u00e9cialement \u00e9quip\u00e9es afin d&rsquo;optimiser leur acc\u00e8s et leur utilisation par les visiteurs handicap\u00e9s et les personnes \u00e0 mobilit\u00e9 r\u00e9duite. Contactez-nous \u00e0 <a href=\"mailto:reservations@apollonia.gr\">reservations@apollonia.gr<\/a> si vous avez besoin d&rsquo;informations concernant l&rsquo;accessibilit\u00e9.<\/p>\n","protected":false},"excerpt":{"rendered":"<p>Joyau charmant et classique sur la c\u00f4te de Cr\u00e8te, Apollonia Beach Resort &amp; Spa propose des options d&rsquo;h\u00e9bergement polyvalentes pour tous, du voyageur individuel aux grands rassemblements d&rsquo;entreprise. Nos chambres conservent une \u00e9l\u00e9gance intemporelle et offrent un refuge confortable pour des vacances merveilleuses et paisibles. De plus, notre h\u00f4tel propose des chambres sp\u00e9cialement \u00e9quip\u00e9es afin [&hellip;]<\/p>\n","protected":false},"author":1,"featured_media":2843,"parent":0,"menu_order":0,"comment_status":"closed","ping_status":"closed","template":"templates\/accomodation.php","meta":{"footnotes":""},"yoast_head":"<!-- This site is optimized with the Yoast SEO plugin v22.5 - https:\/\/yoast.com\/wordpress\/plugins\/seo\/ -->\n<title>H\u00c9BERGEMENT | APOLLONIA RESORT &amp; SPA<\/title>\n<meta name=\"robots\" content=\"index, follow, max-snippet:-1, max-image-preview:large, max-video-preview:-1\" \/>\n<link rel=\"canonical\" href=\"https:\/\/apollonia.gr\/fr\/accommodation\/\" \/>\n<meta property=\"og:locale\" content=\"fr_FR\" \/>\n<meta property=\"og:type\" content=\"article\" \/>\n<meta property=\"og:title\" content=\"H\u00c9BERGEMENT | APOLLONIA RESORT &amp; SPA\" \/>\n<meta property=\"og:description\" content=\"Joyau charmant et classique sur la c\u00f4te de Cr\u00e8te, Apollonia Beach Resort &amp; Spa propose des options d&rsquo;h\u00e9bergement polyvalentes pour tous, du voyageur individuel aux grands rassemblements d&rsquo;entreprise. Nos chambres conservent une \u00e9l\u00e9gance intemporelle et offrent un refuge confortable pour des vacances merveilleuses et paisibles. De plus, notre h\u00f4tel propose des chambres sp\u00e9cialement \u00e9quip\u00e9es afin [&hellip;]\" \/>\n<meta property=\"og:url\" content=\"https:\/\/apollonia.gr\/fr\/accommodation\/\" \/>\n<meta property=\"og:site_name\" content=\"APOLLONIA RESORT &amp; SPA\" \/>\n<meta property=\"article:modified_time\" content=\"2025-08-06T09:31:41+00:00\" \/>\n<meta property=\"og:image\" content=\"https:\/\/apollonia.gr\/wp-content\/uploads\/2022\/05\/Suite-Balcony-5-scaled.jpg\" \/>\n\t<meta property=\"og:image:width\" content=\"2560\" \/>\n\t<meta property=\"og:image:height\" content=\"1589\" \/>\n\t<meta property=\"og:image:type\" content=\"image\/jpeg\" \/>\n<meta name=\"twitter:card\" content=\"summary_large_image\" \/>\n<meta name=\"twitter:label1\" content=\"Dur\u00e9e de lecture estim\u00e9e\" \/>\n\t<meta name=\"twitter:data1\" content=\"1 minute\" \/>\n<script type=\"application\/ld+json\" class=\"yoast-schema-graph\">{\"@context\":\"https:\/\/schema.org\",\"@graph\":[{\"@type\":\"WebPage\",\"@id\":\"https:\/\/apollonia.gr\/fr\/accommodation\/\",\"url\":\"https:\/\/apollonia.gr\/fr\/accommodation\/\",\"name\":\"H\u00c9BERGEMENT | APOLLONIA RESORT &amp; SPA\",\"isPartOf\":{\"@id\":\"https:\/\/apollonia.gr\/#website\"},\"primaryImageOfPage\":{\"@id\":\"https:\/\/apollonia.gr\/fr\/accommodation\/#primaryimage\"},\"image\":{\"@id\":\"https:\/\/apollonia.gr\/fr\/accommodation\/#primaryimage\"},\"thumbnailUrl\":\"https:\/\/apollonia.gr\/wp-content\/uploads\/2022\/05\/Suite-Balcony-5-scaled.jpg\",\"datePublished\":\"2019-03-27T11:06:32+00:00\",\"dateModified\":\"2025-08-06T09:31:41+00:00\",\"breadcrumb\":{\"@id\":\"https:\/\/apollonia.gr\/fr\/accommodation\/#breadcrumb\"},\"inLanguage\":\"fr-FR\",\"potentialAction\":[{\"@type\":\"ReadAction\",\"target\":[\"https:\/\/apollonia.gr\/fr\/accommodation\/\"]}]},{\"@type\":\"ImageObject\",\"inLanguage\":\"fr-FR\",\"@id\":\"https:\/\/apollonia.gr\/fr\/accommodation\/#primaryimage\",\"url\":\"https:\/\/apollonia.gr\/wp-content\/uploads\/2022\/05\/Suite-Balcony-5-scaled.jpg\",\"contentUrl\":\"https:\/\/apollonia.gr\/wp-content\/uploads\/2022\/05\/Suite-Balcony-5-scaled.jpg\",\"width\":2560,\"height\":1589},{\"@type\":\"BreadcrumbList\",\"@id\":\"https:\/\/apollonia.gr\/fr\/accommodation\/#breadcrumb\",\"itemListElement\":[{\"@type\":\"ListItem\",\"position\":1,\"name\":\"Home\",\"item\":\"https:\/\/apollonia.gr\/fr\/\"},{\"@type\":\"ListItem\",\"position\":2,\"name\":\"H\u00c9BERGEMENT\"}]},{\"@type\":\"WebSite\",\"@id\":\"https:\/\/apollonia.gr\/#website\",\"url\":\"https:\/\/apollonia.gr\/\",\"name\":\"APOLLONIA RESORT &amp; SPA\",\"description\":\"\",\"publisher\":{\"@id\":\"https:\/\/apollonia.gr\/#organization\"},\"potentialAction\":[{\"@type\":\"SearchAction\",\"target\":{\"@type\":\"EntryPoint\",\"urlTemplate\":\"https:\/\/apollonia.gr\/?s={search_term_string}\"},\"query-input\":\"required name=search_term_string\"}],\"inLanguage\":\"fr-FR\"},{\"@type\":\"Organization\",\"@id\":\"https:\/\/apollonia.gr\/#organization\",\"name\":\"Apollonia Beach resort & Spa\",\"url\":\"https:\/\/apollonia.gr\/\",\"logo\":{\"@type\":\"ImageObject\",\"inLanguage\":\"fr-FR\",\"@id\":\"https:\/\/apollonia.gr\/#\/schema\/logo\/image\/\",\"url\":\"https:\/\/apollonia.gr\/wp-content\/uploads\/2019\/04\/apollonia-beach-resort-spa-logo.png\",\"contentUrl\":\"https:\/\/apollonia.gr\/wp-content\/uploads\/2019\/04\/apollonia-beach-resort-spa-logo.png\",\"width\":265,\"height\":153,\"caption\":\"Apollonia Beach resort & Spa\"},\"image\":{\"@id\":\"https:\/\/apollonia.gr\/#\/schema\/logo\/image\/\"}}]}<\/script>\n<!-- \/ Yoast SEO plugin. -->","yoast_head_json":{"title":"H\u00c9BERGEMENT | APOLLONIA RESORT &amp; SPA","robots":{"index":"index","follow":"follow","max-snippet":"max-snippet:-1","max-image-preview":"max-image-preview:large","max-video-preview":"max-video-preview:-1"},"canonical":"https:\/\/apollonia.gr\/fr\/accommodation\/","og_locale":"fr_FR","og_type":"article","og_title":"H\u00c9BERGEMENT | APOLLONIA RESORT &amp; SPA","og_description":"Joyau charmant et classique sur la c\u00f4te de Cr\u00e8te, Apollonia Beach Resort &amp; Spa propose des options d&rsquo;h\u00e9bergement polyvalentes pour tous, du voyageur individuel aux grands rassemblements d&rsquo;entreprise. Nos chambres conservent une \u00e9l\u00e9gance intemporelle et offrent un refuge confortable pour des vacances merveilleuses et paisibles. De plus, notre h\u00f4tel propose des chambres sp\u00e9cialement \u00e9quip\u00e9es afin [&hellip;]","og_url":"https:\/\/apollonia.gr\/fr\/accommodation\/","og_site_name":"APOLLONIA RESORT &amp; SPA","article_modified_time":"2025-08-06T09:31:41+00:00","og_image":[{"width":2560,"height":1589,"url":"https:\/\/apollonia.gr\/wp-content\/uploads\/2022\/05\/Suite-Balcony-5-scaled.jpg","type":"image\/jpeg"}],"twitter_card":"summary_large_image","twitter_misc":{"Dur\u00e9e de lecture estim\u00e9e":"1 minute"},"schema":{"@context":"https:\/\/schema.org","@graph":[{"@type":"WebPage","@id":"https:\/\/apollonia.gr\/fr\/accommodation\/","url":"https:\/\/apollonia.gr\/fr\/accommodation\/","name":"H\u00c9BERGEMENT | APOLLONIA RESORT &amp; SPA","isPartOf":{"@id":"https:\/\/apollonia.gr\/#website"},"primaryImageOfPage":{"@id":"https:\/\/apollonia.gr\/fr\/accommodation\/#primaryimage"},"image":{"@id":"https:\/\/apollonia.gr\/fr\/accommodation\/#primaryimage"},"thumbnailUrl":"https:\/\/apollonia.gr\/wp-content\/uploads\/2022\/05\/Suite-Balcony-5-scaled.jpg","datePublished":"2019-03-27T11:06:32+00:00","dateModified":"2025-08-06T09:31:41+00:00","breadcrumb":{"@id":"https:\/\/apollonia.gr\/fr\/accommodation\/#breadcrumb"},"inLanguage":"fr-FR","potentialAction":[{"@type":"ReadAction","target":["https:\/\/apollonia.gr\/fr\/accommodation\/"]}]},{"@type":"ImageObject","inLanguage":"fr-FR","@id":"https:\/\/apollonia.gr\/fr\/accommodation\/#primaryimage","url":"https:\/\/apollonia.gr\/wp-content\/uploads\/2022\/05\/Suite-Balcony-5-scaled.jpg","contentUrl":"https:\/\/apollonia.gr\/wp-content\/uploads\/2022\/05\/Suite-Balcony-5-scaled.jpg","width":2560,"height":1589},{"@type":"BreadcrumbList","@id":"https:\/\/apollonia.gr\/fr\/accommodation\/#breadcrumb","itemListElement":[{"@type":"ListItem","position":1,"name":"Home","item":"https:\/\/apollonia.gr\/fr\/"},{"@type":"ListItem","position":2,"name":"H\u00c9BERGEMENT"}]},{"@type":"WebSite","@id":"https:\/\/apollonia.gr\/#website","url":"https:\/\/apollonia.gr\/","name":"APOLLONIA RESORT &amp; SPA","description":"","publisher":{"@id":"https:\/\/apollonia.gr\/#organization"},"potentialAction":[{"@type":"SearchAction","target":{"@type":"EntryPoint","urlTemplate":"https:\/\/apollonia.gr\/?s={search_term_string}"},"query-input":"required name=search_term_string"}],"inLanguage":"fr-FR"},{"@type":"Organization","@id":"https:\/\/apollonia.gr\/#organization","name":"Apollonia Beach resort & Spa","url":"https:\/\/apollonia.gr\/","logo":{"@type":"ImageObject","inLanguage":"fr-FR","@id":"https:\/\/apollonia.gr\/#\/schema\/logo\/image\/","url":"https:\/\/apollonia.gr\/wp-content\/uploads\/2019\/04\/apollonia-beach-resort-spa-logo.png","contentUrl":"https:\/\/apollonia.gr\/wp-content\/uploads\/2019\/04\/apollonia-beach-resort-spa-logo.png","width":265,"height":153,"caption":"Apollonia Beach resort & Spa"},"image":{"@id":"https:\/\/apollonia.gr\/#\/schema\/logo\/image\/"}}]}},"_links":{"self":[{"href":"https:\/\/apollonia.gr\/fr\/wp-json\/wp\/v2\/pages\/691"}],"collection":[{"href":"https:\/\/apollonia.gr\/fr\/wp-json\/wp\/v2\/pages"}],"about":[{"href":"https:\/\/apollonia.gr\/fr\/wp-json\/wp\/v2\/types\/page"}],"author":[{"embeddable":true,"href":"https:\/\/apollonia.gr\/fr\/wp-json\/wp\/v2\/users\/1"}],"replies":[{"embeddable":true,"href":"https:\/\/apollonia.gr\/fr\/wp-json\/wp\/v2\/comments?post=691"}],"version-history":[{"count":8,"href":"https:\/\/apollonia.gr\/fr\/wp-json\/wp\/v2\/pages\/691\/revisions"}],"predecessor-version":[{"id":4185,"href":"https:\/\/apollonia.gr\/fr\/wp-json\/wp\/v2\/pages\/691\/revisions\/4185"}],"wp:featuredmedia":[{"embeddable":true,"href":"https:\/\/apollonia.gr\/fr\/wp-json\/wp\/v2\/media\/2843"}],"wp:attachment":[{"href":"https:\/\/apollonia.gr\/fr\/wp-json\/wp\/v2\/media?parent=691"}],"curies":[{"name":"wp","href":"https:\/\/api.w.org\/{rel}","templated":true}]}}