{"id":715,"date":"2019-03-27T06:55:21","date_gmt":"2019-03-27T06:55:21","guid":{"rendered":"http:\/\/www.apollonia.gr\/hotel\/"},"modified":"2024-07-10T15:41:23","modified_gmt":"2024-07-10T12:41:23","slug":"hotel","status":"publish","type":"page","link":"https:\/\/apollonia.gr\/fr\/hotel\/","title":{"rendered":"L\u2019 H\u00d4TEL"},"content":{"rendered":"<p>Apollonia Beach Resort &amp; Spa est situ\u00e9 sur une longue plage de sable, dans la station baln\u00e9aire d\u2019Amoudara. Dans nos jardins spacieux et fleuris vous trouverez calme et d\u00e9tente. Tout au long de la journ\u00e9e et tard le soir vous pourrez profiter des boissons pr\u00e9par\u00e9es au bar ou servi par notre personnel amical. Vous profiterez d\u2019un programme vari\u00e9 d\u2019activit\u00e9s, de jeux et de spectacles du matin au soir, pour petits et grands, propos\u00e9s par notre \u00e9quipe d\u2019animation internationale, \u00e0 la piscine, sur la plage, \u00e0 la discoth\u00e8que ou \u00e0 l\u2019amphith\u00e9\u00e2tre.<\/p>\n<p><iframe loading=\"lazy\" title=\"Sunset dreams at hotel Apollonia Beach Resort &amp; Spa\" width=\"500\" height=\"281\" src=\"https:\/\/www.youtube.com\/embed\/1jP5NjKtDbk?feature=oembed\" frameborder=\"0\" allow=\"accelerometer; autoplay; clipboard-write; encrypted-media; gyroscope; picture-in-picture; web-share\" referrerpolicy=\"strict-origin-when-cross-origin\" allowfullscreen><\/iframe><\/p>\n<p>Les 336 <a href=\"https:\/\/apollonia.gr\/fr\/accommodation\/chambre-standard\/\" target=\"_blank\" rel=\"noopener\">chambres<\/a>, <a href=\"https:\/\/apollonia.gr\/fr\/accommodation\/bungalow\/\" target=\"_blank\" rel=\"noopener\">bungalows<\/a> et <a href=\"https:\/\/apollonia.gr\/fr\/accommodation\/suite\/\" target=\"_blank\" rel=\"noopener\">suites<\/a>, r\u00e9parties dans le b\u00e2timent principal de cinq \u00e9tages et les 3 complexes de bungalows, offrent tout le confort pour un s\u00e9jour inoubliable. Dans notre <a href=\"https:\/\/apollonia.gr\/fr\/restaurants\/\">restaurant principal<\/a> vous pouvez d\u00e9guster les d\u00e9lices culinaires avec des sp\u00e9cialit\u00e9s grecques et fra\u00eechement pr\u00e9par\u00e9es sous vos yeux par nos chefs. Dans nos trois<a href=\"https:\/\/apollonia.gr\/fr\/a-la-carte\/\"> restaurants de sp\u00e9cialit\u00e9s<\/a>, vous pouvez \u00e9galement profiter \u00e0 la carte de la cuisine traditionnelle cr\u00e9toise, italienne o\u00f9 vegetarienne.<\/p>\n<p><em>REMARQUE: Certaines installations sont soumises aux conditions m\u00e9t\u00e9orologiques. Dans certains cas, des restrictions et \/ ou des changements de jour \/ heure peuvent s\u2019appliquer ou ne sont propos\u00e9s que en haute saison.<\/em><strong><em><br \/>\n<\/em><\/strong><\/p>\n","protected":false},"excerpt":{"rendered":"<p>Apollonia Beach Resort &amp; Spa est situ\u00e9 sur une longue plage de sable, dans la station baln\u00e9aire d\u2019Amoudara. Dans nos jardins spacieux et fleuris vous trouverez calme et d\u00e9tente. Tout au long de la journ\u00e9e et tard le soir vous pourrez profiter des boissons pr\u00e9par\u00e9es au bar ou servi par notre personnel amical. Vous profiterez [&hellip;]<\/p>\n","protected":false},"author":1,"featured_media":2871,"parent":0,"menu_order":0,"comment_status":"closed","ping_status":"closed","template":"templates\/hotel.php","meta":{"footnotes":""},"yoast_head":"<!-- This site is optimized with the Yoast SEO plugin v22.5 - https:\/\/yoast.com\/wordpress\/plugins\/seo\/ -->\n<title>L\u2019 H\u00d4TEL | APOLLONIA RESORT &amp; SPA<\/title>\n<meta name=\"robots\" content=\"index, follow, max-snippet:-1, max-image-preview:large, max-video-preview:-1\" \/>\n<link rel=\"canonical\" href=\"https:\/\/apollonia.gr\/fr\/hotel\/\" \/>\n<meta property=\"og:locale\" content=\"fr_FR\" \/>\n<meta property=\"og:type\" content=\"article\" \/>\n<meta property=\"og:title\" content=\"L\u2019 H\u00d4TEL | APOLLONIA RESORT &amp; SPA\" \/>\n<meta property=\"og:description\" content=\"Apollonia Beach Resort &amp; Spa est situ\u00e9 sur une longue plage de sable, dans la station baln\u00e9aire d\u2019Amoudara. Dans nos jardins spacieux et fleuris vous trouverez calme et d\u00e9tente. Tout au long de la journ\u00e9e et tard le soir vous pourrez profiter des boissons pr\u00e9par\u00e9es au bar ou servi par notre personnel amical. Vous profiterez [&hellip;]\" \/>\n<meta property=\"og:url\" content=\"https:\/\/apollonia.gr\/fr\/hotel\/\" \/>\n<meta property=\"og:site_name\" content=\"APOLLONIA RESORT &amp; SPA\" \/>\n<meta property=\"article:modified_time\" content=\"2024-07-10T12:41:23+00:00\" \/>\n<meta property=\"og:image\" content=\"https:\/\/apollonia.gr\/wp-content\/uploads\/2022\/05\/Entrance1-1-scaled.jpg\" \/>\n\t<meta property=\"og:image:width\" content=\"2560\" \/>\n\t<meta property=\"og:image:height\" content=\"1898\" \/>\n\t<meta property=\"og:image:type\" content=\"image\/jpeg\" \/>\n<meta name=\"twitter:card\" content=\"summary_large_image\" \/>\n<meta name=\"twitter:label1\" content=\"Dur\u00e9e de lecture estim\u00e9e\" \/>\n\t<meta name=\"twitter:data1\" content=\"2 minutes\" \/>\n<script type=\"application\/ld+json\" class=\"yoast-schema-graph\">{\"@context\":\"https:\/\/schema.org\",\"@graph\":[{\"@type\":\"WebPage\",\"@id\":\"https:\/\/apollonia.gr\/fr\/hotel\/\",\"url\":\"https:\/\/apollonia.gr\/fr\/hotel\/\",\"name\":\"L\u2019 H\u00d4TEL | APOLLONIA RESORT &amp; SPA\",\"isPartOf\":{\"@id\":\"https:\/\/apollonia.gr\/#website\"},\"primaryImageOfPage\":{\"@id\":\"https:\/\/apollonia.gr\/fr\/hotel\/#primaryimage\"},\"image\":{\"@id\":\"https:\/\/apollonia.gr\/fr\/hotel\/#primaryimage\"},\"thumbnailUrl\":\"https:\/\/apollonia.gr\/wp-content\/uploads\/2022\/05\/Entrance1-1-scaled.jpg\",\"datePublished\":\"2019-03-27T06:55:21+00:00\",\"dateModified\":\"2024-07-10T12:41:23+00:00\",\"breadcrumb\":{\"@id\":\"https:\/\/apollonia.gr\/fr\/hotel\/#breadcrumb\"},\"inLanguage\":\"fr-FR\",\"potentialAction\":[{\"@type\":\"ReadAction\",\"target\":[\"https:\/\/apollonia.gr\/fr\/hotel\/\"]}]},{\"@type\":\"ImageObject\",\"inLanguage\":\"fr-FR\",\"@id\":\"https:\/\/apollonia.gr\/fr\/hotel\/#primaryimage\",\"url\":\"https:\/\/apollonia.gr\/wp-content\/uploads\/2022\/05\/Entrance1-1-scaled.jpg\",\"contentUrl\":\"https:\/\/apollonia.gr\/wp-content\/uploads\/2022\/05\/Entrance1-1-scaled.jpg\",\"width\":2560,\"height\":1898},{\"@type\":\"BreadcrumbList\",\"@id\":\"https:\/\/apollonia.gr\/fr\/hotel\/#breadcrumb\",\"itemListElement\":[{\"@type\":\"ListItem\",\"position\":1,\"name\":\"Home\",\"item\":\"https:\/\/apollonia.gr\/fr\/\"},{\"@type\":\"ListItem\",\"position\":2,\"name\":\"L\u2019 H\u00d4TEL\"}]},{\"@type\":\"WebSite\",\"@id\":\"https:\/\/apollonia.gr\/#website\",\"url\":\"https:\/\/apollonia.gr\/\",\"name\":\"APOLLONIA RESORT &amp; SPA\",\"description\":\"\",\"publisher\":{\"@id\":\"https:\/\/apollonia.gr\/#organization\"},\"potentialAction\":[{\"@type\":\"SearchAction\",\"target\":{\"@type\":\"EntryPoint\",\"urlTemplate\":\"https:\/\/apollonia.gr\/?s={search_term_string}\"},\"query-input\":\"required name=search_term_string\"}],\"inLanguage\":\"fr-FR\"},{\"@type\":\"Organization\",\"@id\":\"https:\/\/apollonia.gr\/#organization\",\"name\":\"Apollonia Beach resort & Spa\",\"url\":\"https:\/\/apollonia.gr\/\",\"logo\":{\"@type\":\"ImageObject\",\"inLanguage\":\"fr-FR\",\"@id\":\"https:\/\/apollonia.gr\/#\/schema\/logo\/image\/\",\"url\":\"https:\/\/apollonia.gr\/wp-content\/uploads\/2019\/04\/apollonia-beach-resort-spa-logo.png\",\"contentUrl\":\"https:\/\/apollonia.gr\/wp-content\/uploads\/2019\/04\/apollonia-beach-resort-spa-logo.png\",\"width\":265,\"height\":153,\"caption\":\"Apollonia Beach resort & Spa\"},\"image\":{\"@id\":\"https:\/\/apollonia.gr\/#\/schema\/logo\/image\/\"}}]}<\/script>\n<!-- \/ Yoast SEO plugin. -->","yoast_head_json":{"title":"L\u2019 H\u00d4TEL | APOLLONIA RESORT &amp; SPA","robots":{"index":"index","follow":"follow","max-snippet":"max-snippet:-1","max-image-preview":"max-image-preview:large","max-video-preview":"max-video-preview:-1"},"canonical":"https:\/\/apollonia.gr\/fr\/hotel\/","og_locale":"fr_FR","og_type":"article","og_title":"L\u2019 H\u00d4TEL | APOLLONIA RESORT &amp; SPA","og_description":"Apollonia Beach Resort &amp; Spa est situ\u00e9 sur une longue plage de sable, dans la station baln\u00e9aire d\u2019Amoudara. Dans nos jardins spacieux et fleuris vous trouverez calme et d\u00e9tente. Tout au long de la journ\u00e9e et tard le soir vous pourrez profiter des boissons pr\u00e9par\u00e9es au bar ou servi par notre personnel amical. Vous profiterez [&hellip;]","og_url":"https:\/\/apollonia.gr\/fr\/hotel\/","og_site_name":"APOLLONIA RESORT &amp; SPA","article_modified_time":"2024-07-10T12:41:23+00:00","og_image":[{"width":2560,"height":1898,"url":"https:\/\/apollonia.gr\/wp-content\/uploads\/2022\/05\/Entrance1-1-scaled.jpg","type":"image\/jpeg"}],"twitter_card":"summary_large_image","twitter_misc":{"Dur\u00e9e de lecture estim\u00e9e":"2 minutes"},"schema":{"@context":"https:\/\/schema.org","@graph":[{"@type":"WebPage","@id":"https:\/\/apollonia.gr\/fr\/hotel\/","url":"https:\/\/apollonia.gr\/fr\/hotel\/","name":"L\u2019 H\u00d4TEL | APOLLONIA RESORT &amp; SPA","isPartOf":{"@id":"https:\/\/apollonia.gr\/#website"},"primaryImageOfPage":{"@id":"https:\/\/apollonia.gr\/fr\/hotel\/#primaryimage"},"image":{"@id":"https:\/\/apollonia.gr\/fr\/hotel\/#primaryimage"},"thumbnailUrl":"https:\/\/apollonia.gr\/wp-content\/uploads\/2022\/05\/Entrance1-1-scaled.jpg","datePublished":"2019-03-27T06:55:21+00:00","dateModified":"2024-07-10T12:41:23+00:00","breadcrumb":{"@id":"https:\/\/apollonia.gr\/fr\/hotel\/#breadcrumb"},"inLanguage":"fr-FR","potentialAction":[{"@type":"ReadAction","target":["https:\/\/apollonia.gr\/fr\/hotel\/"]}]},{"@type":"ImageObject","inLanguage":"fr-FR","@id":"https:\/\/apollonia.gr\/fr\/hotel\/#primaryimage","url":"https:\/\/apollonia.gr\/wp-content\/uploads\/2022\/05\/Entrance1-1-scaled.jpg","contentUrl":"https:\/\/apollonia.gr\/wp-content\/uploads\/2022\/05\/Entrance1-1-scaled.jpg","width":2560,"height":1898},{"@type":"BreadcrumbList","@id":"https:\/\/apollonia.gr\/fr\/hotel\/#breadcrumb","itemListElement":[{"@type":"ListItem","position":1,"name":"Home","item":"https:\/\/apollonia.gr\/fr\/"},{"@type":"ListItem","position":2,"name":"L\u2019 H\u00d4TEL"}]},{"@type":"WebSite","@id":"https:\/\/apollonia.gr\/#website","url":"https:\/\/apollonia.gr\/","name":"APOLLONIA RESORT &amp; SPA","description":"","publisher":{"@id":"https:\/\/apollonia.gr\/#organization"},"potentialAction":[{"@type":"SearchAction","target":{"@type":"EntryPoint","urlTemplate":"https:\/\/apollonia.gr\/?s={search_term_string}"},"query-input":"required name=search_term_string"}],"inLanguage":"fr-FR"},{"@type":"Organization","@id":"https:\/\/apollonia.gr\/#organization","name":"Apollonia Beach resort & Spa","url":"https:\/\/apollonia.gr\/","logo":{"@type":"ImageObject","inLanguage":"fr-FR","@id":"https:\/\/apollonia.gr\/#\/schema\/logo\/image\/","url":"https:\/\/apollonia.gr\/wp-content\/uploads\/2019\/04\/apollonia-beach-resort-spa-logo.png","contentUrl":"https:\/\/apollonia.gr\/wp-content\/uploads\/2019\/04\/apollonia-beach-resort-spa-logo.png","width":265,"height":153,"caption":"Apollonia Beach resort & Spa"},"image":{"@id":"https:\/\/apollonia.gr\/#\/schema\/logo\/image\/"}}]}},"_links":{"self":[{"href":"https:\/\/apollonia.gr\/fr\/wp-json\/wp\/v2\/pages\/715"}],"collection":[{"href":"https:\/\/apollonia.gr\/fr\/wp-json\/wp\/v2\/pages"}],"about":[{"href":"https:\/\/apollonia.gr\/fr\/wp-json\/wp\/v2\/types\/page"}],"author":[{"embeddable":true,"href":"https:\/\/apollonia.gr\/fr\/wp-json\/wp\/v2\/users\/1"}],"replies":[{"embeddable":true,"href":"https:\/\/apollonia.gr\/fr\/wp-json\/wp\/v2\/comments?post=715"}],"version-history":[{"count":22,"href":"https:\/\/apollonia.gr\/fr\/wp-json\/wp\/v2\/pages\/715\/revisions"}],"predecessor-version":[{"id":3858,"href":"https:\/\/apollonia.gr\/fr\/wp-json\/wp\/v2\/pages\/715\/revisions\/3858"}],"wp:featuredmedia":[{"embeddable":true,"href":"https:\/\/apollonia.gr\/fr\/wp-json\/wp\/v2\/media\/2871"}],"wp:attachment":[{"href":"https:\/\/apollonia.gr\/fr\/wp-json\/wp\/v2\/media?parent=715"}],"curies":[{"name":"wp","href":"https:\/\/api.w.org\/{rel}","templated":true}]}}