{"id":977,"date":"2019-04-18T08:58:11","date_gmt":"2019-04-18T08:58:11","guid":{"rendered":"http:\/\/www.apollonia.gr\/bars\/"},"modified":"2025-05-22T12:52:21","modified_gmt":"2025-05-22T09:52:21","slug":"bars","status":"publish","type":"page","link":"https:\/\/apollonia.gr\/fr\/bars\/","title":{"rendered":"BARS"},"content":{"rendered":"<p>Notre formule \u00ab tout compris \u00bb offre un large choix de boissons et cocktails locaux et internationaux. Toute la journ\u00e9e du caf\u00e9, du th\u00e9 et d\u2019autres boissons chaudes sont disponibles dans nos bars. En plus notre vaste choix de boissons au bar principal \u00ab Aphrodite \u00bb compl\u00e8te la large gamme de boissons.<\/p>\n<p>Notre snack-bar \u00e0 la piscine propose une petite s\u00e9lection de plats chauds et froids pour une collation entre les repas ou pour un d\u00e9jeuner rapide.<\/p>\n<p>Pendant le programme d\u2019animations en soir\u00e9e, profitez des boissons dans la discoth\u00e8que ou \u00e0 l\u2019amphith\u00e9\u00e2tre \u00ab Artemis \u00bb.<\/p>\n<p>&nbsp;<\/p>\n<p><em>REMARQUE: Certaines installations sont soumises aux conditions m\u00e9t\u00e9orologiques. Dans certains cas, des restrictions et \/ ou des modifications de jour \/ heure peuvent s&rsquo;appliquer ou sont uniquement propos\u00e9es en haute saison<br \/>\n<\/em><\/p>\n","protected":false},"excerpt":{"rendered":"<p>Notre formule \u00ab tout compris \u00bb offre un large choix de boissons et cocktails locaux et internationaux. Toute la journ\u00e9e du caf\u00e9, du th\u00e9 et d\u2019autres boissons chaudes sont disponibles dans nos bars. En plus notre vaste choix de boissons au bar principal \u00ab Aphrodite \u00bb compl\u00e8te la large gamme de boissons. Notre snack-bar \u00e0 [&hellip;]<\/p>\n","protected":false},"author":1,"featured_media":2877,"parent":0,"menu_order":0,"comment_status":"closed","ping_status":"closed","template":"templates\/page_tabs.php","meta":{"footnotes":""},"yoast_head":"<!-- This site is optimized with the Yoast SEO plugin v22.5 - https:\/\/yoast.com\/wordpress\/plugins\/seo\/ -->\n<title>BARS | APOLLONIA RESORT &amp; SPA<\/title>\n<meta name=\"robots\" content=\"index, follow, max-snippet:-1, max-image-preview:large, max-video-preview:-1\" \/>\n<link rel=\"canonical\" href=\"https:\/\/apollonia.gr\/fr\/bars\/\" \/>\n<meta property=\"og:locale\" content=\"fr_FR\" \/>\n<meta property=\"og:type\" content=\"article\" \/>\n<meta property=\"og:title\" content=\"BARS | APOLLONIA RESORT &amp; SPA\" \/>\n<meta property=\"og:description\" content=\"Notre formule \u00ab tout compris \u00bb offre un large choix de boissons et cocktails locaux et internationaux. Toute la journ\u00e9e du caf\u00e9, du th\u00e9 et d\u2019autres boissons chaudes sont disponibles dans nos bars. En plus notre vaste choix de boissons au bar principal \u00ab Aphrodite \u00bb compl\u00e8te la large gamme de boissons. Notre snack-bar \u00e0 [&hellip;]\" \/>\n<meta property=\"og:url\" content=\"https:\/\/apollonia.gr\/fr\/bars\/\" \/>\n<meta property=\"og:site_name\" content=\"APOLLONIA RESORT &amp; SPA\" \/>\n<meta property=\"article:modified_time\" content=\"2025-05-22T09:52:21+00:00\" \/>\n<meta property=\"og:image\" content=\"https:\/\/apollonia.gr\/wp-content\/uploads\/2022\/05\/Bar-front-1-scaled.jpg\" \/>\n\t<meta property=\"og:image:width\" content=\"2560\" \/>\n\t<meta property=\"og:image:height\" content=\"1920\" \/>\n\t<meta property=\"og:image:type\" content=\"image\/jpeg\" \/>\n<meta name=\"twitter:card\" content=\"summary_large_image\" \/>\n<meta name=\"twitter:label1\" content=\"Dur\u00e9e de lecture estim\u00e9e\" \/>\n\t<meta name=\"twitter:data1\" content=\"1 minute\" \/>\n<script type=\"application\/ld+json\" class=\"yoast-schema-graph\">{\"@context\":\"https:\/\/schema.org\",\"@graph\":[{\"@type\":\"WebPage\",\"@id\":\"https:\/\/apollonia.gr\/fr\/bars\/\",\"url\":\"https:\/\/apollonia.gr\/fr\/bars\/\",\"name\":\"BARS | APOLLONIA RESORT &amp; SPA\",\"isPartOf\":{\"@id\":\"https:\/\/apollonia.gr\/#website\"},\"primaryImageOfPage\":{\"@id\":\"https:\/\/apollonia.gr\/fr\/bars\/#primaryimage\"},\"image\":{\"@id\":\"https:\/\/apollonia.gr\/fr\/bars\/#primaryimage\"},\"thumbnailUrl\":\"https:\/\/apollonia.gr\/wp-content\/uploads\/2022\/05\/Bar-front-1-scaled.jpg\",\"datePublished\":\"2019-04-18T08:58:11+00:00\",\"dateModified\":\"2025-05-22T09:52:21+00:00\",\"breadcrumb\":{\"@id\":\"https:\/\/apollonia.gr\/fr\/bars\/#breadcrumb\"},\"inLanguage\":\"fr-FR\",\"potentialAction\":[{\"@type\":\"ReadAction\",\"target\":[\"https:\/\/apollonia.gr\/fr\/bars\/\"]}]},{\"@type\":\"ImageObject\",\"inLanguage\":\"fr-FR\",\"@id\":\"https:\/\/apollonia.gr\/fr\/bars\/#primaryimage\",\"url\":\"https:\/\/apollonia.gr\/wp-content\/uploads\/2022\/05\/Bar-front-1-scaled.jpg\",\"contentUrl\":\"https:\/\/apollonia.gr\/wp-content\/uploads\/2022\/05\/Bar-front-1-scaled.jpg\",\"width\":2560,\"height\":1920},{\"@type\":\"BreadcrumbList\",\"@id\":\"https:\/\/apollonia.gr\/fr\/bars\/#breadcrumb\",\"itemListElement\":[{\"@type\":\"ListItem\",\"position\":1,\"name\":\"Home\",\"item\":\"https:\/\/apollonia.gr\/fr\/\"},{\"@type\":\"ListItem\",\"position\":2,\"name\":\"BARS\"}]},{\"@type\":\"WebSite\",\"@id\":\"https:\/\/apollonia.gr\/#website\",\"url\":\"https:\/\/apollonia.gr\/\",\"name\":\"APOLLONIA RESORT &amp; SPA\",\"description\":\"\",\"publisher\":{\"@id\":\"https:\/\/apollonia.gr\/#organization\"},\"potentialAction\":[{\"@type\":\"SearchAction\",\"target\":{\"@type\":\"EntryPoint\",\"urlTemplate\":\"https:\/\/apollonia.gr\/?s={search_term_string}\"},\"query-input\":\"required name=search_term_string\"}],\"inLanguage\":\"fr-FR\"},{\"@type\":\"Organization\",\"@id\":\"https:\/\/apollonia.gr\/#organization\",\"name\":\"Apollonia Beach resort & Spa\",\"url\":\"https:\/\/apollonia.gr\/\",\"logo\":{\"@type\":\"ImageObject\",\"inLanguage\":\"fr-FR\",\"@id\":\"https:\/\/apollonia.gr\/#\/schema\/logo\/image\/\",\"url\":\"https:\/\/apollonia.gr\/wp-content\/uploads\/2019\/04\/apollonia-beach-resort-spa-logo.png\",\"contentUrl\":\"https:\/\/apollonia.gr\/wp-content\/uploads\/2019\/04\/apollonia-beach-resort-spa-logo.png\",\"width\":265,\"height\":153,\"caption\":\"Apollonia Beach resort & Spa\"},\"image\":{\"@id\":\"https:\/\/apollonia.gr\/#\/schema\/logo\/image\/\"}}]}<\/script>\n<!-- \/ Yoast SEO plugin. -->","yoast_head_json":{"title":"BARS | APOLLONIA RESORT &amp; SPA","robots":{"index":"index","follow":"follow","max-snippet":"max-snippet:-1","max-image-preview":"max-image-preview:large","max-video-preview":"max-video-preview:-1"},"canonical":"https:\/\/apollonia.gr\/fr\/bars\/","og_locale":"fr_FR","og_type":"article","og_title":"BARS | APOLLONIA RESORT &amp; SPA","og_description":"Notre formule \u00ab tout compris \u00bb offre un large choix de boissons et cocktails locaux et internationaux. Toute la journ\u00e9e du caf\u00e9, du th\u00e9 et d\u2019autres boissons chaudes sont disponibles dans nos bars. En plus notre vaste choix de boissons au bar principal \u00ab Aphrodite \u00bb compl\u00e8te la large gamme de boissons. Notre snack-bar \u00e0 [&hellip;]","og_url":"https:\/\/apollonia.gr\/fr\/bars\/","og_site_name":"APOLLONIA RESORT &amp; SPA","article_modified_time":"2025-05-22T09:52:21+00:00","og_image":[{"width":2560,"height":1920,"url":"https:\/\/apollonia.gr\/wp-content\/uploads\/2022\/05\/Bar-front-1-scaled.jpg","type":"image\/jpeg"}],"twitter_card":"summary_large_image","twitter_misc":{"Dur\u00e9e de lecture estim\u00e9e":"1 minute"},"schema":{"@context":"https:\/\/schema.org","@graph":[{"@type":"WebPage","@id":"https:\/\/apollonia.gr\/fr\/bars\/","url":"https:\/\/apollonia.gr\/fr\/bars\/","name":"BARS | APOLLONIA RESORT &amp; SPA","isPartOf":{"@id":"https:\/\/apollonia.gr\/#website"},"primaryImageOfPage":{"@id":"https:\/\/apollonia.gr\/fr\/bars\/#primaryimage"},"image":{"@id":"https:\/\/apollonia.gr\/fr\/bars\/#primaryimage"},"thumbnailUrl":"https:\/\/apollonia.gr\/wp-content\/uploads\/2022\/05\/Bar-front-1-scaled.jpg","datePublished":"2019-04-18T08:58:11+00:00","dateModified":"2025-05-22T09:52:21+00:00","breadcrumb":{"@id":"https:\/\/apollonia.gr\/fr\/bars\/#breadcrumb"},"inLanguage":"fr-FR","potentialAction":[{"@type":"ReadAction","target":["https:\/\/apollonia.gr\/fr\/bars\/"]}]},{"@type":"ImageObject","inLanguage":"fr-FR","@id":"https:\/\/apollonia.gr\/fr\/bars\/#primaryimage","url":"https:\/\/apollonia.gr\/wp-content\/uploads\/2022\/05\/Bar-front-1-scaled.jpg","contentUrl":"https:\/\/apollonia.gr\/wp-content\/uploads\/2022\/05\/Bar-front-1-scaled.jpg","width":2560,"height":1920},{"@type":"BreadcrumbList","@id":"https:\/\/apollonia.gr\/fr\/bars\/#breadcrumb","itemListElement":[{"@type":"ListItem","position":1,"name":"Home","item":"https:\/\/apollonia.gr\/fr\/"},{"@type":"ListItem","position":2,"name":"BARS"}]},{"@type":"WebSite","@id":"https:\/\/apollonia.gr\/#website","url":"https:\/\/apollonia.gr\/","name":"APOLLONIA RESORT &amp; SPA","description":"","publisher":{"@id":"https:\/\/apollonia.gr\/#organization"},"potentialAction":[{"@type":"SearchAction","target":{"@type":"EntryPoint","urlTemplate":"https:\/\/apollonia.gr\/?s={search_term_string}"},"query-input":"required name=search_term_string"}],"inLanguage":"fr-FR"},{"@type":"Organization","@id":"https:\/\/apollonia.gr\/#organization","name":"Apollonia Beach resort & Spa","url":"https:\/\/apollonia.gr\/","logo":{"@type":"ImageObject","inLanguage":"fr-FR","@id":"https:\/\/apollonia.gr\/#\/schema\/logo\/image\/","url":"https:\/\/apollonia.gr\/wp-content\/uploads\/2019\/04\/apollonia-beach-resort-spa-logo.png","contentUrl":"https:\/\/apollonia.gr\/wp-content\/uploads\/2019\/04\/apollonia-beach-resort-spa-logo.png","width":265,"height":153,"caption":"Apollonia Beach resort & Spa"},"image":{"@id":"https:\/\/apollonia.gr\/#\/schema\/logo\/image\/"}}]}},"_links":{"self":[{"href":"https:\/\/apollonia.gr\/fr\/wp-json\/wp\/v2\/pages\/977"}],"collection":[{"href":"https:\/\/apollonia.gr\/fr\/wp-json\/wp\/v2\/pages"}],"about":[{"href":"https:\/\/apollonia.gr\/fr\/wp-json\/wp\/v2\/types\/page"}],"author":[{"embeddable":true,"href":"https:\/\/apollonia.gr\/fr\/wp-json\/wp\/v2\/users\/1"}],"replies":[{"embeddable":true,"href":"https:\/\/apollonia.gr\/fr\/wp-json\/wp\/v2\/comments?post=977"}],"version-history":[{"count":34,"href":"https:\/\/apollonia.gr\/fr\/wp-json\/wp\/v2\/pages\/977\/revisions"}],"predecessor-version":[{"id":4058,"href":"https:\/\/apollonia.gr\/fr\/wp-json\/wp\/v2\/pages\/977\/revisions\/4058"}],"wp:featuredmedia":[{"embeddable":true,"href":"https:\/\/apollonia.gr\/fr\/wp-json\/wp\/v2\/media\/2877"}],"wp:attachment":[{"href":"https:\/\/apollonia.gr\/fr\/wp-json\/wp\/v2\/media?parent=977"}],"curies":[{"name":"wp","href":"https:\/\/api.w.org\/{rel}","templated":true}]}}